{"id":629,"date":"2023-04-06T13:18:08","date_gmt":"2023-04-06T11:18:08","guid":{"rendered":"https:\/\/www.terox.si\/?page_id=629"},"modified":"2023-04-07T12:14:54","modified_gmt":"2023-04-07T10:14:54","slug":"izdelki","status":"publish","type":"page","link":"https:\/\/www.terox.si\/sl\/izdelki\/","title":{"rendered":"Izdelki"},"content":{"rendered":"\n\t<section class=\"section\" id=\"section_1553830106\">\n\t\t<div class=\"section-bg fill\" >\n\t\t\t<img loading=\"lazy\" decoding=\"async\" width=\"1920\" height=\"923\" src=\"https:\/\/www.terox.si\/wp-content\/uploads\/2-ozadje.png\" class=\"bg attachment-original size-original\" alt=\"TEROX vijak\" \/>\t\t\t\t\t\t\n\t\t\t\n\n\t\t<\/div>\n\n\t\t\n\n\t\t<div class=\"section-content relative\">\n\t\t\t\n<div class=\"row align-center\"  id=\"row-1083215970\">\n\n\t<div id=\"col-361522840\" class=\"col pb-0 medium-12 small-12 large-8\"  >\n\t\t\t\t<div class=\"col-inner\"  >\n\t\t\t\n\t\t\t\n<div class=\"row\"  id=\"row-1352050907\">\n\n\t<div id=\"col-4551933\" class=\"col pb-0 small-12 large-12\"  data-animate=\"fadeInDown\">\n\t\t\t\t<div class=\"col-inner\"  >\n\t\t\t\n\t\t\t\n\t<div id=\"text-1902305181\" class=\"text\">\n\t\t\n<h1 class=\"glow\">TEROX konstrukcijski vijak in kapna mre\u017eica<\/h1>\n\t\t\n<style>\n#text-1902305181 {\n  font-size: 1.95rem;\n  text-align: center;\n  color: rgb(255,255,255);\n}\n#text-1902305181 > * {\n  color: rgb(255,255,255);\n}\n<\/style>\n\t<\/div>\n\t\n\t\t<\/div>\n\t\t\t\t\t<\/div>\n\n\t\n\n\t<div id=\"col-272572342\" class=\"col pb-0 small-12 large-12\"  data-animate=\"fadeInLeft\">\n\t\t\t\t<div class=\"col-inner\"  >\n\t\t\t\n\t\t\t\n\t<div id=\"gap-1495988334\" class=\"gap-element clearfix\" style=\"display:block; height:auto;\">\n\t\t\n<style>\n#gap-1495988334 {\n  padding-top: 15px;\n}\n<\/style>\n\t<\/div>\n\t\n\t<div id=\"gap-1612321365\" class=\"gap-element clearfix\" style=\"display:block; height:auto;\">\n\t\t\n<style>\n#gap-1612321365 {\n  padding-top: 30px;\n}\n<\/style>\n\t<\/div>\n\t\n\t\t<\/div>\n\t\t\t\t\t<\/div>\n\n\t\n<\/div>\n\t<div id=\"gap-1470233437\" class=\"gap-element clearfix show-for-small\" style=\"display:block; height:auto;\">\n\t\t\n<style>\n#gap-1470233437 {\n  padding-top: 15px;\n}\n@media (min-width:550px) {\n  #gap-1470233437 {\n    padding-top: 30px;\n  }\n}\n<\/style>\n\t<\/div>\n\t\n\t\t<\/div>\n\t\t\t\t\t<\/div>\n\n\t\n<\/div>\n<div class=\"row row-large align-equal\"  id=\"row-2064327305\">\n\n\t<div id=\"col-44889489\" class=\"col icons pb-0 medium-6 small-12 large-6\"  data-animate=\"flipInX\">\n\t\t\t\t<div class=\"col-inner\" style=\"background-color:rgb(255,255,255);\" >\n\t\t\t\n\t\t\t\n\n\t<a class=\"plain\" href=\"https:\/\/www.terox.si\/sl\/izdelki\/konstrukcijski-vijaki\/\" >\t<div class=\"icon-box featured-box icon-box-center text-center\"  style=\"margin:22px 0px 22px 0px;\">\n\t\t\t\t\t<div class=\"icon-box-img\" style=\"width: 242px\">\n\t\t\t\t<div class=\"icon\">\n\t\t\t\t\t<div class=\"icon-inner\" >\n\t\t\t\t\t\t<img loading=\"lazy\" decoding=\"async\" width=\"193\" height=\"300\" src=\"https:\/\/www.terox.si\/wp-content\/uploads\/countersank-head-8mm-321x500-1.png\" class=\"attachment-medium size-medium\" alt=\"\" \/>\t\t\t\t\t<\/div>\n\t\t\t\t<\/div>\n\t\t\t<\/div>\n\t\t\t\t<div class=\"icon-box-text last-reset\">\n\t\t\t\t\t\t\t\t\t\n\t<div id=\"text-13259982\" class=\"text\">\n\t\t\n<h1>TEROX konstrukcijski vijaki<\/h1>\n\t\t\n<style>\n#text-13259982 {\n  font-size: 1.5rem;\n  color: rgb(0,0,0);\n}\n#text-13259982 > * {\n  color: rgb(0,0,0);\n}\n<\/style>\n\t<\/div>\n\t\n\t\t<\/div>\n\t<\/div>\n\t<\/a>\n\t\n\t\t<\/div>\n\t\t\t\t\n<style>\n#col-44889489 > .col-inner {\n  padding: 30px 10px 30px 10px;\n  border-radius: 30px;\n}\n<\/style>\n\t<\/div>\n\n\t\n\n\t<div id=\"col-932058418\" class=\"col icons pb-0 medium-6 small-12 large-6\"  data-animate=\"flipInX\">\n\t\t\t\t<div class=\"col-inner\" style=\"background-color:rgb(255,255,255);\" >\n\t\t\t\n\t\t\t\n\n\t<a class=\"plain\" href=\"https:\/\/www.terox.si\/sl\/izdelki\/kapna-mrezica\/\" >\t<div class=\"icon-box featured-box icon-box-center text-center\"  style=\"margin:22px 0px 22px 0px;\">\n\t\t\t\t\t<div class=\"icon-box-img\" style=\"width: 242px\">\n\t\t\t\t<div class=\"icon\">\n\t\t\t\t\t<div class=\"icon-inner\" >\n\t\t\t\t\t\t<img loading=\"lazy\" decoding=\"async\" width=\"193\" height=\"300\" src=\"https:\/\/www.terox.si\/wp-content\/uploads\/countersank-head-8mm-321x500-1.jpg\" class=\"attachment-medium size-medium\" alt=\"\" \/>\t\t\t\t\t<\/div>\n\t\t\t\t<\/div>\n\t\t\t<\/div>\n\t\t\t\t<div class=\"icon-box-text last-reset\">\n\t\t\t\t\t\t\t\t\t\n\t<div id=\"text-2848965739\" class=\"text\">\n\t\t\n<h1>TEROX kapna mre\u017eica<\/h1>\n\t\t\n<style>\n#text-2848965739 {\n  font-size: 1.5rem;\n  color: rgb(0,0,0);\n}\n#text-2848965739 > * {\n  color: rgb(0,0,0);\n}\n<\/style>\n\t<\/div>\n\t\n\t\t<\/div>\n\t<\/div>\n\t<\/a>\n\t\n\t\t<\/div>\n\t\t\t\t\n<style>\n#col-932058418 > .col-inner {\n  padding: 30px 10px 30px 10px;\n  margin: 30px 0px 0px 0px;\n  border-radius: 30px;\n}\n@media (min-width:550px) {\n  #col-932058418 > .col-inner {\n    margin: 0px 0px 0px 0px;\n  }\n}\n<\/style>\n\t<\/div>\n\n\t\n<\/div>\n\t\t<\/div>\n\n\t\t\n<style>\n#section_1553830106 {\n  padding-top: 75px;\n  padding-bottom: 75px;\n  min-height: 69vh;\n}\n@media (min-width:850px) {\n  #section_1553830106 {\n    padding-top: 100px;\n    padding-bottom: 100px;\n  }\n}\n<\/style>\n\t<\/section>\n\t\n\n\t<section class=\"section\" id=\"section_654050448\">\n\t\t<div class=\"section-bg fill\" >\n\t\t\t\t\t\t\t\t\t\n\t\t\t\n\n\t\t<\/div>\n\n\t\t\n\n\t\t<div class=\"section-content relative\">\n\t\t\t\n<div class=\"row align-center\"  id=\"row-996622277\">\n\n\t<div id=\"col-1349107859\" class=\"col pb-0 medium-12 small-12 large-8\"  >\n\t\t\t\t<div class=\"col-inner\"  >\n\t\t\t\n\t\t\t\n\t<div id=\"text-841521045\" class=\"text\">\n\t\t\n<h2>TEROX \u2013 znamka, ki ji lahko zaupate<\/h2>\n\t\t\n<style>\n#text-841521045 {\n  font-size: 1.5rem;\n  text-align: center;\n}\n<\/style>\n\t<\/div>\n\t\n\t<div id=\"text-1414611760\" class=\"text\">\n\t\t\n<p>Tako kot skrbno izbiramo znamke, ki jih priporo\u010damo svojim strankam, tako tudi pazimo na to, kak\u0161ne izdelke delamo sami. Izbolj\u0161ave na vijaku in mre\u017eici so odgovor na to, kar so na\u0161e stranke pogre\u0161ale pri podobnih produktih. Poslu\u0161ali smo in razvili re\u0161itev.<\/p>\n\t\t\n<style>\n#text-1414611760 {\n  text-align: center;\n}\n<\/style>\n\t<\/div>\n\t\n\t\t<\/div>\n\t\t\t\t\t<\/div>\n\n\t\n<\/div>\n<div class=\"row align-center\"  id=\"row-392178383\">\n\n\t<div id=\"col-515043611\" class=\"col pb-0 medium-12 small-12 large-8\"  >\n\t\t\t\t<div class=\"col-inner\"  >\n\t\t\t\n\t\t\t\n\t<div id=\"gap-524196470\" class=\"gap-element clearfix\" style=\"display:block; height:auto;\">\n\t\t\n<style>\n#gap-524196470 {\n  padding-top: 30px;\n}\n<\/style>\n\t<\/div>\n\t\n<div class=\"row row-large align-center\"  id=\"row-335021052\">\n\n\t<div id=\"col-807887412\" class=\"col medium-4 small-4 large-3\"  data-animate=\"fadeInLeft\">\n\t\t\t\t<div class=\"col-inner\"  >\n\t\t\t\n\t\t\t\n\n\t\t<div class=\"icon-box featured-box icon-box-center text-center\"  >\n\t\t\t\t\t<div class=\"icon-box-img\" style=\"width: 75px\">\n\t\t\t\t<div class=\"icon\">\n\t\t\t\t\t<div class=\"icon-inner\" >\n\t\t\t\t\t\t<img loading=\"lazy\" decoding=\"async\" width=\"100\" height=\"100\" src=\"https:\/\/www.terox.si\/wp-content\/uploads\/ikone-prednosti-spodaj-01.png\" class=\"attachment-medium size-medium\" alt=\"TEROX kapna mre\u017eica\" \/>\t\t\t\t\t<\/div>\n\t\t\t\t<\/div>\n\t\t\t<\/div>\n\t\t\t\t<div class=\"icon-box-text last-reset\">\n\t\t\t\t\t\t\t\t\t\n\t<div id=\"text-1061073337\" class=\"text\">\n\t\t\n<p>narejeno v Evropi<\/p>\n\t\t\n<style>\n#text-1061073337 {\n  font-size: 0.75rem;\n  text-align: center;\n}\n<\/style>\n\t<\/div>\n\t\n\t\t<\/div>\n\t<\/div>\n\t\n\t\n\t\t<\/div>\n\t\t\t\t\t<\/div>\n\n\t\n\n\t<div id=\"col-1076731397\" class=\"col medium-4 small-4 large-3\"  data-animate=\"fadeInUp\">\n\t\t\t\t<div class=\"col-inner\"  >\n\t\t\t\n\t\t\t\n\n\t\t<div class=\"icon-box featured-box icon-box-center text-center\"  >\n\t\t\t\t\t<div class=\"icon-box-img\" style=\"width: 75px\">\n\t\t\t\t<div class=\"icon\">\n\t\t\t\t\t<div class=\"icon-inner\" >\n\t\t\t\t\t\t<img loading=\"lazy\" decoding=\"async\" width=\"100\" height=\"100\" src=\"https:\/\/www.terox.si\/wp-content\/uploads\/ikone-prednosti-spodaj-02.png\" class=\"attachment-medium size-medium\" alt=\"TEROX vijak\" \/>\t\t\t\t\t<\/div>\n\t\t\t\t<\/div>\n\t\t\t<\/div>\n\t\t\t\t<div class=\"icon-box-text last-reset\">\n\t\t\t\t\t\t\t\t\t\n\t<div id=\"text-1547417211\" class=\"text\">\n\t\t\n<p>\u0161iroka izbira dimenzij in pakiranj<\/p>\n\t\t\n<style>\n#text-1547417211 {\n  font-size: 0.75rem;\n  text-align: center;\n}\n<\/style>\n\t<\/div>\n\t\n\t\t<\/div>\n\t<\/div>\n\t\n\t\n\t\t<\/div>\n\t\t\t\t\t<\/div>\n\n\t\n\n\t<div id=\"col-1700569571\" class=\"col medium-4 small-4 large-3\"  data-animate=\"fadeInRight\">\n\t\t\t\t<div class=\"col-inner\"  >\n\t\t\t\n\t\t\t\n\n\t\t<div class=\"icon-box featured-box icon-box-center text-center\"  >\n\t\t\t\t\t<div class=\"icon-box-img\" style=\"width: 75px\">\n\t\t\t\t<div class=\"icon\">\n\t\t\t\t\t<div class=\"icon-inner\" >\n\t\t\t\t\t\t<img loading=\"lazy\" decoding=\"async\" width=\"100\" height=\"100\" src=\"https:\/\/www.terox.si\/wp-content\/uploads\/ikone-prednosti-spodaj-03.png\" class=\"attachment-medium size-medium\" alt=\"TEROX vijak\" \/>\t\t\t\t\t<\/div>\n\t\t\t\t<\/div>\n\t\t\t<\/div>\n\t\t\t\t<div class=\"icon-box-text last-reset\">\n\t\t\t\t\t\t\t\t\t\n\t<div id=\"text-1367453212\" class=\"text\">\n\t\t\n<p>personalizirane re\u0161itve<\/p>\n\t\t\n<style>\n#text-1367453212 {\n  font-size: 0.75rem;\n  text-align: center;\n}\n<\/style>\n\t<\/div>\n\t\n\t\t<\/div>\n\t<\/div>\n\t\n\t\n\t\t<\/div>\n\t\t\t\t\t<\/div>\n\n\t\n<\/div>\n\t\t<\/div>\n\t\t\t\t\t<\/div>\n\n\t\n<\/div>\n\t\t<\/div>\n\n\t\t\n<style>\n#section_654050448 {\n  padding-top: 75px;\n  padding-bottom: 75px;\n  background-color: #f4f4f4;\n}\n@media (min-width:850px) {\n  #section_654050448 {\n    padding-top: 100px;\n    padding-bottom: 100px;\n  }\n}\n<\/style>\n\t<\/section>\n\t\n","protected":false},"excerpt":{"rendered":"","protected":false},"author":1,"featured_media":0,"parent":0,"menu_order":0,"comment_status":"closed","ping_status":"closed","template":"","meta":{"footnotes":""},"class_list":["post-629","page","type-page","status-publish","hentry"],"yoast_head":"<!-- This site is optimized with the Yoast SEO plugin v23.9 - https:\/\/yoast.com\/wordpress\/plugins\/seo\/ -->\n<title>Izdelki &#8211; Terox<\/title>\n<meta name=\"robots\" content=\"index, follow, max-snippet:-1, max-image-preview:large, max-video-preview:-1\" \/>\n<link rel=\"canonical\" href=\"https:\/\/www.terox.si\/products\/\" \/>\n<meta property=\"og:locale\" content=\"sl_SI\" \/>\n<meta property=\"og:type\" content=\"article\" \/>\n<meta property=\"og:title\" content=\"Izdelki &#8211; Terox\" \/>\n<meta property=\"og:url\" content=\"https:\/\/www.terox.si\/products\/\" \/>\n<meta property=\"og:site_name\" content=\"Terox\" \/>\n<meta property=\"article:modified_time\" content=\"2023-04-07T10:14:54+00:00\" \/>\n<meta name=\"twitter:card\" content=\"summary_large_image\" \/>\n<script type=\"application\/ld+json\" class=\"yoast-schema-graph\">{\"@context\":\"https:\/\/schema.org\",\"@graph\":[{\"@type\":\"WebPage\",\"@id\":\"https:\/\/www.terox.si\/products\/\",\"url\":\"https:\/\/www.terox.si\/products\/\",\"name\":\"Izdelki &#8211; Terox\",\"isPartOf\":{\"@id\":\"https:\/\/www.terox.si\/#website\"},\"datePublished\":\"2023-04-06T11:18:08+00:00\",\"dateModified\":\"2023-04-07T10:14:54+00:00\",\"inLanguage\":\"sl-SI\",\"potentialAction\":[{\"@type\":\"ReadAction\",\"target\":[\"https:\/\/www.terox.si\/products\/\"]}]},{\"@type\":\"WebSite\",\"@id\":\"https:\/\/www.terox.si\/#website\",\"url\":\"https:\/\/www.terox.si\/\",\"name\":\"Terox\",\"description\":\"Konstrukcijski vijak\",\"potentialAction\":[{\"@type\":\"SearchAction\",\"target\":{\"@type\":\"EntryPoint\",\"urlTemplate\":\"https:\/\/www.terox.si\/?s={search_term_string}\"},\"query-input\":{\"@type\":\"PropertyValueSpecification\",\"valueRequired\":true,\"valueName\":\"search_term_string\"}}],\"inLanguage\":\"sl-SI\"}]}<\/script>\n<!-- \/ Yoast SEO plugin. -->","yoast_head_json":{"title":"Izdelki &#8211; Terox","robots":{"index":"index","follow":"follow","max-snippet":"max-snippet:-1","max-image-preview":"max-image-preview:large","max-video-preview":"max-video-preview:-1"},"canonical":"https:\/\/www.terox.si\/products\/","og_locale":"sl_SI","og_type":"article","og_title":"Izdelki &#8211; Terox","og_url":"https:\/\/www.terox.si\/products\/","og_site_name":"Terox","article_modified_time":"2023-04-07T10:14:54+00:00","twitter_card":"summary_large_image","schema":{"@context":"https:\/\/schema.org","@graph":[{"@type":"WebPage","@id":"https:\/\/www.terox.si\/products\/","url":"https:\/\/www.terox.si\/products\/","name":"Izdelki &#8211; Terox","isPartOf":{"@id":"https:\/\/www.terox.si\/#website"},"datePublished":"2023-04-06T11:18:08+00:00","dateModified":"2023-04-07T10:14:54+00:00","inLanguage":"sl-SI","potentialAction":[{"@type":"ReadAction","target":["https:\/\/www.terox.si\/products\/"]}]},{"@type":"WebSite","@id":"https:\/\/www.terox.si\/#website","url":"https:\/\/www.terox.si\/","name":"Terox","description":"Konstrukcijski vijak","potentialAction":[{"@type":"SearchAction","target":{"@type":"EntryPoint","urlTemplate":"https:\/\/www.terox.si\/?s={search_term_string}"},"query-input":{"@type":"PropertyValueSpecification","valueRequired":true,"valueName":"search_term_string"}}],"inLanguage":"sl-SI"}]}},"_links":{"self":[{"href":"https:\/\/www.terox.si\/sl\/wp-json\/wp\/v2\/pages\/629","targetHints":{"allow":["GET"]}}],"collection":[{"href":"https:\/\/www.terox.si\/sl\/wp-json\/wp\/v2\/pages"}],"about":[{"href":"https:\/\/www.terox.si\/sl\/wp-json\/wp\/v2\/types\/page"}],"author":[{"embeddable":true,"href":"https:\/\/www.terox.si\/sl\/wp-json\/wp\/v2\/users\/1"}],"replies":[{"embeddable":true,"href":"https:\/\/www.terox.si\/sl\/wp-json\/wp\/v2\/comments?post=629"}],"version-history":[{"count":0,"href":"https:\/\/www.terox.si\/sl\/wp-json\/wp\/v2\/pages\/629\/revisions"}],"wp:attachment":[{"href":"https:\/\/www.terox.si\/sl\/wp-json\/wp\/v2\/media?parent=629"}],"curies":[{"name":"wp","href":"https:\/\/api.w.org\/{rel}","templated":true}]}}