{"id":40,"date":"2022-11-21T12:51:20","date_gmt":"2022-11-21T12:51:20","guid":{"rendered":"https:\/\/terox.si\/?page_id=40"},"modified":"2023-01-17T10:04:13","modified_gmt":"2023-01-17T09:04:13","slug":"piskotki","status":"publish","type":"page","link":"https:\/\/www.terox.si\/sl\/piskotki\/","title":{"rendered":"Pi\u0161kotki"},"content":{"rendered":"\n\t<section class=\"section\" id=\"section_296194585\">\n\t\t<div class=\"section-bg fill\" >\n\t\t\t\t\t\t\t\t\t\n\t\t\t\n\n\t\t<\/div>\n\n\t\t\n\n\t\t<div class=\"section-content relative\">\n\t\t\t\n<div class=\"row\"  id=\"row-272619048\">\n\n\t<div id=\"col-1478988867\" class=\"col pb-0 small-12 large-12\"  >\n\t\t\t\t<div class=\"col-inner\"  >\n\t\t\t\n\t\t\t\n\t<div id=\"text-2263815502\" class=\"text\">\n\t\t\n<h1>Pi\u0161kotki &#8211; Terox<\/h1>\n\t\t\n<style>\n#text-2263815502 {\n  font-size: 1.5rem;\n}\n@media (min-width:550px) {\n  #text-2263815502 {\n    font-size: 1.75rem;\n  }\n}\n<\/style>\n\t<\/div>\n\t\n<h2>Kaj so pi\u0161kotki in zakaj so potrebni?<\/h2>\n<p>Pi\u0161kotek je kratko besedilo, ki ga spletno mesto ob va\u0161em obisku na\u0161e strani po\u0161lje brskalniku. Tako vas spletna stran prepozna, si z njim zapomni podatke o va\u0161em obisku, prijavi in druge nastavitve. Zato je va\u0161 naslednji obisk spletne strani bolj prijazen in la\u017eji. Pi\u0161kotki imajo pomembno vlogo, uporaba spleta bi brez njih bila manj prijetna.<\/p>\n<p>S pomo\u010djo pi\u0161kotkov prilagajamo vsebino na\u0161e strani, bele\u017eimo obisk strani, \u0161tejemo, koliko obiskovalcev ima posamezna stran, vam pomagamo pri oddaji naro\u010dila, varujemo va\u0161e podatke in si zapomnimo va\u0161e preference in nastavitve. Brskanje po na\u0161i strani je s pi\u0161kotki prijetnej\u0161e, hitrej\u0161e in predvsem u\u010dinkovitej\u0161e.<\/p>\n\t<div id=\"gap-1662998825\" class=\"gap-element clearfix\" style=\"display:block; height:auto;\">\n\t\t\n<style>\n#gap-1662998825 {\n  padding-top: 30px;\n}\n<\/style>\n\t<\/div>\n\t\n<div class=\"accordion\">\n\t<div id=\"accordion-1526921917\" class=\"accordion-item\">\n\t\t<a id=\"accordion-1526921917-label\" class=\"accordion-title plain\" href=\"#accordion-item-vrste-pi\u0161kotkov,-ki-jih-uporabljamo\" aria-expanded=\"false\" aria-controls=\"accordion-1526921917-content\" >\n\t\t\t<button class=\"toggle\" aria-label=\"Toggle\"><i class=\"icon-angle-down\"><\/i><\/button>\n\t\t\t<span>Vrste pi\u0161kotkov, ki jih uporabljamo<\/span>\n\t\t<\/a>\n\t\t<div id=\"accordion-1526921917-content\" class=\"accordion-inner\" aria-labelledby=\"accordion-1526921917-label\" >\n\t\t\t\n<p><b>https:\/\/www.terox.si\/<\/b> uporablja razli\u010dne vrste pi\u0161kotkov. V va\u0161em brskalniku so lahko shranjeni nekateri od pi\u0161kotkov, opisanih spodaj, ali vse vrste pi\u0161kotkov. Pi\u0161kotke si lahko ogledate in jih upravljate v brskalniku (to morda ni mogo\u010de v brskalnikih za mobilne naprave).<\/p>\n\t\t<\/div>\n\t<\/div>\n\t\n\t<div id=\"accordion-2945852236\" class=\"accordion-item\">\n\t\t<a id=\"accordion-2945852236-label\" class=\"accordion-title plain\" href=\"#accordion-item-pi\u0161kotki,-potrebni-za-pravilno-delovanje-strani\" aria-expanded=\"false\" aria-controls=\"accordion-2945852236-content\" >\n\t\t\t<button class=\"toggle\" aria-label=\"Toggle\"><i class=\"icon-angle-down\"><\/i><\/button>\n\t\t\t<span>Pi\u0161kotki, potrebni za pravilno delovanje strani<\/span>\n\t\t<\/a>\n\t\t<div id=\"accordion-2945852236-content\" class=\"accordion-inner\" aria-labelledby=\"accordion-2945852236-label\" >\n\t\t\t\n<table border:\"1\">\n<tbody>\n<tr>\n<th>Ime pi&scaron;kotka<\/th>\n<th>Namen<\/th>\n<th>\u010cas pi&scaron;kotka<\/th>\n<th>Vir<\/th>\n<\/tr>\n<tr>\n<td>cookie_notice_accepted<\/td>\n<td>Pi&scaron;kotek si zapomni, \u010de ste se strinjali s sprejemanjem pi&scaron;kotkov.<\/td>\n<td>1 mesec<\/td>\n<td><span class=\"ime-strani\"><b>https:\/\/www.terox.si\/<\/b><\/span><\/td>\n<\/tr>\n<tr>\n<td>PH_HPXY_CHECK<\/td>\n<td>Ta pi&scaron;kotek uporablja jezik PHP, da omogo\u010di shranjevanje &scaron;ifriranih spremenljivk sej na spletnem stre\u017eniku.<\/td>\n<td>Po kon\u010dani seji brskanja.<\/td>\n<td><span class=\"ime-strani\"><b>https:\/\/www.terox.si\/<\/b><\/span><\/td>\n<\/tr>\n<tr>\n<td>opt-in-social<\/td>\n<td>Pi&scaron;kotek si zapomni, \u010de ste se strinjali s sprejemanjem pi&scaron;kotkov.<\/td>\n<td>1 mesec<\/td>\n<td><span class=\"ime-strani\"><b>https:\/\/www.terox.si\/<\/b><\/span><\/td>\n<\/tr>\n<tr>\n<td>opt-in-remarketing<\/td>\n<td>Pi&scaron;kotek si zapomni, \u010de ste se strinjali s sprejemanjem pi&scaron;kotkov.<\/td>\n<td>1 mesec<\/td>\n<td><span class=\"ime-strani\"><b>https:\/\/www.terox.si\/<\/b><\/span><\/td>\n<\/tr>\n<tr>\n<td>_ga<\/td>\n<td>Statistika spletne strani<\/td>\n<td>2 leti<\/td>\n<td><span class=\"ime-strani\"><b>https:\/\/www.terox.si\/<\/b><\/span><\/td>\n<\/tr>\n<tr>\n<td>_ga<\/td>\n<td>Statistika spletne strani<\/td>\n<td>2 leti<\/td>\n<td>.gstatic.com<\/td>\n<\/tr>\n<tr>\n<td>_gat_UA-#<\/td>\n<td>Statistika spletne strani<\/td>\n<td>10 minut<\/td>\n<td><span class=\"ime-strani\"><b>https:\/\/www.terox.si\/<\/b><\/span><\/td>\n<\/tr>\n<tr>\n<td>_gid<\/td>\n<td>Statistika spletne strani<\/td>\n<td>1 dan<\/td>\n<td><span class=\"ime-strani\"><b>https:\/\/www.terox.si\/<\/b><\/span><\/td>\n<\/tr>\n<\/tbody>\n<\/table>\n\t\t<\/div>\n\t<\/div>\n\t\n\t<div id=\"accordion-2760435801\" class=\"accordion-item\">\n\t\t<a id=\"accordion-2760435801-label\" class=\"accordion-title plain\" href=\"#accordion-item-pi\u0161kotki-dru\u017ebenih-omre\u017eij\" aria-expanded=\"false\" aria-controls=\"accordion-2760435801-content\" >\n\t\t\t<button class=\"toggle\" aria-label=\"Toggle\"><i class=\"icon-angle-down\"><\/i><\/button>\n\t\t\t<span>Pi\u0161kotki dru\u017ebenih omre\u017eij<\/span>\n\t\t<\/a>\n\t\t<div id=\"accordion-2760435801-content\" class=\"accordion-inner\" aria-labelledby=\"accordion-2760435801-label\" >\n\t\t\t\n<table>\n<tbody>\n<tr>\n<th>Ime pi&scaron;kotka<\/th>\n<th>Namen<\/th>\n<th>\u010cas pi&scaron;kotka<\/th>\n<th>Vir<\/th>\n<\/tr>\n<tr>\n<td>VISITOR_INFO1_LIVE<\/td>\n<td>Youtube (video, nastavitve, statistika)<\/td>\n<td>6 mesecev<\/td>\n<td>.youtube.com<\/td>\n<\/tr>\n<tr>\n<td>* LOGIN_INFO<\/td>\n<td>Youtube (video, nastavitve, statistika)<\/td>\n<td>2 leti<\/td>\n<td>.youtube.com<\/td>\n<\/tr>\n<tr>\n<td>YSC<\/td>\n<td>Youtube (video, nastavitve, statistika)<\/td>\n<td>Po kon\u010dani seji brskanja.<\/td>\n<td>.youtube.com<\/td>\n<\/tr>\n<tr>\n<td>GPS<\/td>\n<td>Youtube (video, nastavitve, statistika)<\/td>\n<td>30 minut<\/td>\n<td>.youtube.com<\/td>\n<\/tr>\n<tr>\n<td>* xs<\/td>\n<td>Facebook (vti\u010dnik, nastavitve, statistika)<\/td>\n<td>3 mesece<\/td>\n<td>.facebook.com<\/td>\n<\/tr>\n<tr>\n<td>act<\/td>\n<td>Facebook (vti\u010dnik, nastavitve, statistika)<\/td>\n<td>Po kon\u010dani seji brskanja.<\/td>\n<td>.facebook.com<\/td>\n<\/tr>\n<tr>\n<td>* c_user<\/td>\n<td>Facebook (vti\u010dnik, nastavitve, statistika)<\/td>\n<td>3 mesece<\/td>\n<td>.facebook.com<\/td>\n<\/tr>\n<tr>\n<td>* datr<\/td>\n<td>Facebook (vti\u010dnik, nastavitve, statistika)<\/td>\n<td>2 leti<\/td>\n<td>.facebook.com<\/td>\n<\/tr>\n<tr>\n<td>* dpr<\/td>\n<td>Facebook (vti\u010dnik, nastavitve, statistika)<\/td>\n<td>1 teden<\/td>\n<td>.facebook.com<\/td>\n<\/tr>\n<tr>\n<td>* pl<\/td>\n<td>Facebook (vti\u010dnik, nastavitve, statistika)<\/td>\n<td>3 mesece<\/td>\n<td>.facebook.com<\/td>\n<\/tr>\n<tr>\n<td>* sb<\/td>\n<td>Facebook (vti\u010dnik, nastavitve, statistika)<\/td>\n<td>2 leti<\/td>\n<td>.facebook.com<\/td>\n<\/tr>\n<tr>\n<td>* wd<\/td>\n<td>Facebook (vti\u010dnik, nastavitve, statistika)<\/td>\n<td>1 teden<\/td>\n<td>.facebook.com<\/td>\n<\/tr>\n<tr>\n<td>fr<\/td>\n<td>Facebook (vti\u010dnik, nastavitve, statistika)<\/td>\n<td>3 mesece<\/td>\n<td>.facebook.com<\/td>\n<\/tr>\n<tr>\n<td>presense<\/td>\n<td>Facebook (vti\u010dnik, nastavitve, statistika)<\/td>\n<td>Po kon\u010dani seji brskanja.<\/td>\n<td>.facebook.com<\/td>\n<\/tr>\n<tr>\n<td>* SID<\/td>\n<td>Statistika spletne strani<\/td>\n<td>2 leti<\/td>\n<td>.google.com \/ .google.si<\/td>\n<\/tr>\n<tr>\n<td>* OGPC<\/td>\n<td>Statistika spletne strani<\/td>\n<td>2 meseca<\/td>\n<td>.google.com<\/td>\n<\/tr>\n<\/tbody>\n<\/table>\n<p><i>Opomba: vsebina objavljena na na\u0161ih spletnih straneh, ob\u010dasno vsebuje tudi video vsebine s tujih strani (vdelan video). To pomeni, da uporabniku s tehni\u010dnega vidika serviramo vsebine tretjih strani (npr. YouTube), ki vklju\u010dujejo lastne oglasne sisteme in s tem uporabniku namestijo lastne pi\u0161kotke, ki jih uporabljajo za svoje namene. <\/i><\/p>\n<p><i>* Dru\u017ebena omre\u017eja kot so Facebook, Google bodo pi\u0161kotke name\u0161\u010dala tudi glede na to, ali ste v njihovo storitev prijavljeni. Upravljanje njihovih pi\u0161kotkov je urejena s pogoji sodelovanja, ki ste jih kot uporabnik teh omre\u017eij sprejeli ob registraciji.<\/i><\/p>\n\t\t<\/div>\n\t<\/div>\n\t\n\t<div id=\"accordion-3474090634\" class=\"accordion-item\">\n\t\t<a id=\"accordion-3474090634-label\" class=\"accordion-title plain\" href=\"#accordion-item-pi\u0161kotki-za-napredno-ogla\u0161evanje\" aria-expanded=\"false\" aria-controls=\"accordion-3474090634-content\" >\n\t\t\t<button class=\"toggle\" aria-label=\"Toggle\"><i class=\"icon-angle-down\"><\/i><\/button>\n\t\t\t<span>Pi\u0161kotki za napredno ogla\u0161evanje<\/span>\n\t\t<\/a>\n\t\t<div id=\"accordion-3474090634-content\" class=\"accordion-inner\" aria-labelledby=\"accordion-3474090634-label\" >\n\t\t\t\n<table>\n<tbody>\n<tr>\n<th>Ime pi&scaron;kotka<\/th>\n<th>Namen<\/th>\n<th>\u010cas pi&scaron;kotka<\/th>\n<th>Vir<\/th>\n<\/tr>\n<tr>\n<td>* NID<\/td>\n<td>Napredno ogla&scaron;evanje<\/td>\n<td>7 mesecev<\/td>\n<td>.google.com \/ .google.si<\/td>\n<\/tr>\n<tr>\n<td>IDE<\/td>\n<td>Napredno ogla&scaron;evanje<\/td>\n<td>1 leto<\/td>\n<td>.doubleclick.net<\/td>\n<\/tr>\n<tr>\n<td>DSID<\/td>\n<td>Napredno ogla&scaron;evanje<\/td>\n<td>15 minut<\/td>\n<td>.doubleclick.net<\/td>\n<\/tr>\n<tr>\n<td>* 1P_JAR<\/td>\n<td>Napredno ogla&scaron;evanje<\/td>\n<td>1 mesec<\/td>\n<td>.google.com \/ .google.si<\/td>\n<\/tr>\n<tr>\n<td>* APISID<\/td>\n<td>Napredno ogla&scaron;evanje<\/td>\n<td>2 leti<\/td>\n<td>.youtube.com \/ .google.com \/ .google.si<\/td>\n<\/tr>\n<tr>\n<td>* HSID<\/td>\n<td>Napredno ogla&scaron;evanje<\/td>\n<td>2 leti<\/td>\n<td>.youtube.com \/ .google.com \/ .google.si<\/td>\n<\/tr>\n<tr>\n<td>* SAPISID<\/td>\n<td>Napredno ogla&scaron;evanje<\/td>\n<td>2 leti<\/td>\n<td>.youtube.com \/ .google.com \/ .google.si<\/td>\n<\/tr>\n<tr>\n<td>* SIDCC<\/td>\n<td>Napredno ogla&scaron;evanje<\/td>\n<td>2 leti<\/td>\n<td>.google.com<\/td>\n<\/tr>\n<tr>\n<td>* SSID<\/td>\n<td>Napredno ogla&scaron;evanje<\/td>\n<td>2 leti<\/td>\n<td>.youtube.com \/ .google.com \/ .google.si<\/td>\n<\/tr>\n<tr>\n<td>* CONSENT<\/td>\n<td>Napredno ogla&scaron;evanje<\/td>\n<td>20 let<\/td>\n<td>.youtube.com \/ .google.com \/ .google.si<\/td>\n<\/tr>\n<tr>\n<td>DV<\/td>\n<td>Napredno ogla&scaron;evanje<\/td>\n<td>1 ura<\/td>\n<td>.google.com<\/td>\n<\/tr>\n<tr>\n<td>PREF<\/td>\n<td>Napredno ogla&scaron;evanje<\/td>\n<td>8 mesecev<\/td>\n<td>.youtube.com \/ .google.com \/ .google.si<\/td>\n<\/tr>\n<tr>\n<td>test_cookie<\/td>\n<td>Testiranje, delovanja pi&scaron;kotkov<\/td>\n<td>15 minut<\/td>\n<td>.doubleclick.net<\/td>\n<\/tr>\n<\/tbody>\n<\/table>\n<p>\u00a0<\/p>\n<p><i>* Dru\u017ebena omre\u017eja kot so Facebook, Google bodo pi\u0161kotke name\u0161\u010dala tudi glede na to, ali ste v njihovo storitev prijavljeni. Upravljanje njihovih pi\u0161kotkov je urejena s pogoji sodelovanja, ki ste jih kot uporabnik teh omre\u017eij sprejeli ob registraciji.<\/i><\/p>\n\t\t<\/div>\n\t<\/div>\n\t\n\t<div id=\"accordion-3601103014\" class=\"accordion-item\">\n\t\t<a id=\"accordion-3601103014-label\" class=\"accordion-title plain\" href=\"#accordion-item-nastavitve-pi\u0161kotkov\" aria-expanded=\"false\" aria-controls=\"accordion-3601103014-content\" >\n\t\t\t<button class=\"toggle\" aria-label=\"Toggle\"><i class=\"icon-angle-down\"><\/i><\/button>\n\t\t\t<span>Nastavitve pi\u0161kotkov<\/span>\n\t\t<\/a>\n\t\t<div id=\"accordion-3601103014-content\" class=\"accordion-inner\" aria-labelledby=\"accordion-3601103014-label\" >\n\t\t\t\n<p>Vsak uporabnik ima popoln nadzor nad pi\u0161kotki in vedno lahko sam odlo\u010di, ali bo dovolil shranjevanje pi\u0161kotkov na svoji napravi.<\/p>\n<p><b>https:\/\/www.terox.si\/<\/b> uporabnikom omogo\u010da, da se odlo\u010dijo o sprejetju ali zavrnitvi pi\u0161kotkov. Pri tem opozarjamo, da njihova izklju\u010ditev lahko privede do morebitnih te\u017eav s stranjo, nekatere funkcionalnosti spletne strani so lahko celo onemogo\u010dene. V primeru zavrnitve dolo\u010denih pi\u0161kotkov bo uporabniku sorazmerno omejen prikaz vsebine in dostop do spletne strani.<\/p>\n<p><b>Da bi zagotovili najbolj\u0161o uporabni\u0161ko izku\u0161njo in optimalno delovanje na\u0161ih spletnih strani, uporabnikom priporo\u010damo, da pi\u0161kotke sprejmejo.<\/b><\/p>\n<p><label><input id=\"accepted\" disabled=\"disabled\" type=\"checkbox\" checked \/>&nbsp;Pi&scaron;kotki za pravilno delovanje strani&nbsp;<\/label><label><input id=\"social\" type=\"checkbox\" checked \/>&nbsp;Pi&scaron;kotki dru\u017ebenih omre\u017eij&nbsp;<\/label><label><input id=\"remarketing\" type=\"checkbox\" checked \/>&nbsp;Pi&scaron;kotki za napredno ogla&scaron;evanje<\/label><\/p>\n\t\t<\/div>\n\t<\/div>\n\t\n\t<div id=\"accordion-757574428\" class=\"accordion-item\">\n\t\t<a id=\"accordion-757574428-label\" class=\"accordion-title plain\" href=\"#accordion-item-upravljanje-s-pi\u0161kotki\" aria-expanded=\"false\" aria-controls=\"accordion-757574428-content\" >\n\t\t\t<button class=\"toggle\" aria-label=\"Toggle\"><i class=\"icon-angle-down\"><\/i><\/button>\n\t\t\t<span>Upravljanje s pi\u0161kotki<\/span>\n\t\t<\/a>\n\t\t<div id=\"accordion-757574428-content\" class=\"accordion-inner\" aria-labelledby=\"accordion-757574428-label\" >\n\t\t\t\n<p>Nastavitve za pi\u0161kotke lahko nadzirate in spreminjate tudi v svojem brskalniku.<\/p>\n<p>Za informacije o nastavitvah za pi\u0161kotke izberite spletni brskalnik, ki ga uporabljate.<\/p>\n<ul>\n<li><a href=\"https:\/\/support.microsoft.com\/sl-si\/help\/17442\/windows-internet-explorer-delete-manage-cookies\">Internet Explorer<\/a><\/li>\n<li><a href=\"https:\/\/support.google.com\/chrome\/answer\/95647?hl=sl-sl&#038;p=cpn_cookies\">Chrome<\/a><\/li>\n<li><a href=\"https:\/\/support.mozilla.org\/sl\/kb\/kako-omogocite-onemogocite-piskotke\">Firefox<\/a><\/li>\n<li><a href=\"https:\/\/help.opera.com\/en\/latest\/web-preferences\/#cookies\">Opera (stran v angle\u0161kem jeziku)<\/a><\/li>\n<li><a href=\"https:\/\/support.apple.com\/sl-si\/guide\/safari\/manage-cookies-and-website-data-sfri11471\/mac\">Safari (stran v angle\u0161kem jeziku)<\/a><\/li>\n<\/ul>\n\t\t<\/div>\n\t<\/div>\n\t\n<\/div>\n\t\t<\/div>\n\t\t\t\t\t<\/div>\n\n\t\n<\/div>\n\t\t<\/div>\n\n\t\t\n<style>\n#section_296194585 {\n  padding-top: 100px;\n  padding-bottom: 100px;\n}\n<\/style>\n\t<\/section>\n\t\n","protected":false},"excerpt":{"rendered":"","protected":false},"author":1,"featured_media":0,"parent":0,"menu_order":0,"comment_status":"closed","ping_status":"closed","template":"page-blank.php","meta":{"footnotes":""},"class_list":["post-40","page","type-page","status-publish","hentry"],"yoast_head":"<!-- This site is optimized with the Yoast SEO plugin v23.9 - https:\/\/yoast.com\/wordpress\/plugins\/seo\/ -->\n<title>Pi\u0161kotki &#8211; Terox<\/title>\n<meta name=\"description\" content=\"Pi\u0161kotki so podatkovne enote, ki omogo\u010dajo bolj\u0161o uporabni\u0161ko izku\u0161njo na na\u0161ih straneh. Z upo\u0161tevanjem direktive jih lahko prilagodite.\" \/>\n<meta name=\"robots\" content=\"index, follow, max-snippet:-1, max-image-preview:large, max-video-preview:-1\" \/>\n<link rel=\"canonical\" href=\"https:\/\/www.terox.si\/cookies\/\" \/>\n<meta property=\"og:locale\" content=\"sl_SI\" \/>\n<meta property=\"og:type\" content=\"article\" \/>\n<meta property=\"og:title\" content=\"Pi\u0161kotki &#8211; Terox\" \/>\n<meta property=\"og:description\" content=\"Pi\u0161kotki so podatkovne enote, ki omogo\u010dajo bolj\u0161o uporabni\u0161ko izku\u0161njo na na\u0161ih straneh. Z upo\u0161tevanjem direktive jih lahko prilagodite.\" \/>\n<meta property=\"og:url\" content=\"https:\/\/www.terox.si\/cookies\/\" \/>\n<meta property=\"og:site_name\" content=\"Terox\" \/>\n<meta property=\"article:modified_time\" content=\"2023-01-17T09:04:13+00:00\" \/>\n<meta name=\"twitter:card\" content=\"summary_large_image\" \/>\n<meta name=\"twitter:label1\" content=\"Est. reading time\" \/>\n\t<meta name=\"twitter:data1\" content=\"5 minut\" \/>\n<script type=\"application\/ld+json\" class=\"yoast-schema-graph\">{\"@context\":\"https:\/\/schema.org\",\"@graph\":[{\"@type\":\"WebPage\",\"@id\":\"https:\/\/www.terox.si\/cookies\/\",\"url\":\"https:\/\/www.terox.si\/cookies\/\",\"name\":\"Pi\u0161kotki &#8211; Terox\",\"isPartOf\":{\"@id\":\"https:\/\/www.terox.si\/#website\"},\"datePublished\":\"2022-11-21T12:51:20+00:00\",\"dateModified\":\"2023-01-17T09:04:13+00:00\",\"description\":\"Pi\u0161kotki so podatkovne enote, ki omogo\u010dajo bolj\u0161o uporabni\u0161ko izku\u0161njo na na\u0161ih straneh. Z upo\u0161tevanjem direktive jih lahko prilagodite.\",\"inLanguage\":\"sl-SI\",\"potentialAction\":[{\"@type\":\"ReadAction\",\"target\":[\"https:\/\/www.terox.si\/cookies\/\"]}]},{\"@type\":\"WebSite\",\"@id\":\"https:\/\/www.terox.si\/#website\",\"url\":\"https:\/\/www.terox.si\/\",\"name\":\"Terox\",\"description\":\"Konstrukcijski vijak\",\"potentialAction\":[{\"@type\":\"SearchAction\",\"target\":{\"@type\":\"EntryPoint\",\"urlTemplate\":\"https:\/\/www.terox.si\/?s={search_term_string}\"},\"query-input\":{\"@type\":\"PropertyValueSpecification\",\"valueRequired\":true,\"valueName\":\"search_term_string\"}}],\"inLanguage\":\"sl-SI\"}]}<\/script>\n<!-- \/ Yoast SEO plugin. -->","yoast_head_json":{"title":"Pi\u0161kotki &#8211; Terox","description":"Pi\u0161kotki so podatkovne enote, ki omogo\u010dajo bolj\u0161o uporabni\u0161ko izku\u0161njo na na\u0161ih straneh. Z upo\u0161tevanjem direktive jih lahko prilagodite.","robots":{"index":"index","follow":"follow","max-snippet":"max-snippet:-1","max-image-preview":"max-image-preview:large","max-video-preview":"max-video-preview:-1"},"canonical":"https:\/\/www.terox.si\/cookies\/","og_locale":"sl_SI","og_type":"article","og_title":"Pi\u0161kotki &#8211; Terox","og_description":"Pi\u0161kotki so podatkovne enote, ki omogo\u010dajo bolj\u0161o uporabni\u0161ko izku\u0161njo na na\u0161ih straneh. Z upo\u0161tevanjem direktive jih lahko prilagodite.","og_url":"https:\/\/www.terox.si\/cookies\/","og_site_name":"Terox","article_modified_time":"2023-01-17T09:04:13+00:00","twitter_card":"summary_large_image","twitter_misc":{"Est. reading time":"5 minut"},"schema":{"@context":"https:\/\/schema.org","@graph":[{"@type":"WebPage","@id":"https:\/\/www.terox.si\/cookies\/","url":"https:\/\/www.terox.si\/cookies\/","name":"Pi\u0161kotki &#8211; Terox","isPartOf":{"@id":"https:\/\/www.terox.si\/#website"},"datePublished":"2022-11-21T12:51:20+00:00","dateModified":"2023-01-17T09:04:13+00:00","description":"Pi\u0161kotki so podatkovne enote, ki omogo\u010dajo bolj\u0161o uporabni\u0161ko izku\u0161njo na na\u0161ih straneh. Z upo\u0161tevanjem direktive jih lahko prilagodite.","inLanguage":"sl-SI","potentialAction":[{"@type":"ReadAction","target":["https:\/\/www.terox.si\/cookies\/"]}]},{"@type":"WebSite","@id":"https:\/\/www.terox.si\/#website","url":"https:\/\/www.terox.si\/","name":"Terox","description":"Konstrukcijski vijak","potentialAction":[{"@type":"SearchAction","target":{"@type":"EntryPoint","urlTemplate":"https:\/\/www.terox.si\/?s={search_term_string}"},"query-input":{"@type":"PropertyValueSpecification","valueRequired":true,"valueName":"search_term_string"}}],"inLanguage":"sl-SI"}]}},"_links":{"self":[{"href":"https:\/\/www.terox.si\/sl\/wp-json\/wp\/v2\/pages\/40","targetHints":{"allow":["GET"]}}],"collection":[{"href":"https:\/\/www.terox.si\/sl\/wp-json\/wp\/v2\/pages"}],"about":[{"href":"https:\/\/www.terox.si\/sl\/wp-json\/wp\/v2\/types\/page"}],"author":[{"embeddable":true,"href":"https:\/\/www.terox.si\/sl\/wp-json\/wp\/v2\/users\/1"}],"replies":[{"embeddable":true,"href":"https:\/\/www.terox.si\/sl\/wp-json\/wp\/v2\/comments?post=40"}],"version-history":[{"count":0,"href":"https:\/\/www.terox.si\/sl\/wp-json\/wp\/v2\/pages\/40\/revisions"}],"wp:attachment":[{"href":"https:\/\/www.terox.si\/sl\/wp-json\/wp\/v2\/media?parent=40"}],"curies":[{"name":"wp","href":"https:\/\/api.w.org\/{rel}","templated":true}]}}