{"id":637,"date":"2023-04-06T13:19:33","date_gmt":"2023-04-06T11:19:33","guid":{"rendered":"https:\/\/www.terox.si\/?page_id=637"},"modified":"2023-04-07T14:08:48","modified_gmt":"2023-04-07T12:08:48","slug":"protection-des-avant-toits","status":"publish","type":"page","link":"https:\/\/www.terox.si\/fr\/des-produits\/protection-des-avant-toits\/","title":{"rendered":"Protection des avant-toits"},"content":{"rendered":"\n\t<section class=\"section\" id=\"section_1713893487\">\n\t\t<div class=\"section-bg fill\" >\n\t\t\t<img loading=\"lazy\" decoding=\"async\" width=\"1920\" height=\"923\" src=\"https:\/\/www.terox.si\/wp-content\/uploads\/2-ozadje.png\" class=\"bg attachment-original size-original\" alt=\"\" \/>\t\t\t\t\t\t\n\t\t\t\n\n\t\t<\/div>\n\n\t\t\n\n\t\t<div class=\"section-content relative\">\n\t\t\t\n<div class=\"row\"  id=\"row-540185234\">\n\n\t<div id=\"col-198281152\" class=\"col pb-0 medium-12 small-12 large-8\"  >\n\t\t\t\t<div class=\"col-inner\"  >\n\t\t\t\n\t\t\t\n<div class=\"row\"  id=\"row-848253222\">\n\n\t<div id=\"col-278072029\" class=\"col pb-0 small-12 large-12\"  data-animate=\"fadeInDown\">\n\t\t\t\t<div class=\"col-inner\"  >\n\t\t\t\n\t\t\t\n\t<div id=\"text-2342751177\" class=\"text\">\n\t\t\n<h1 class=\"glow\">TEROX protection des avant-toits<\/h1>\n\t\t\n<style>\n#text-2342751177 {\n  font-size: 1.95rem;\n  color: rgb(255,255,255);\n}\n#text-2342751177 > * {\n  color: rgb(255,255,255);\n}\n<\/style>\n\t<\/div>\n\t\n\t\t<\/div>\n\t\t\t\t\t<\/div>\n\n\t\n\n\t<div id=\"col-1125422667\" class=\"col pb-0 small-12 large-12\"  data-animate=\"fadeInLeft\">\n\t\t\t\t<div class=\"col-inner\"  >\n\t\t\t\n\t\t\t\n\t<div id=\"text-135549694\" class=\"text\">\n\t\t\n<p>EAVES GRATE ALU RAL en aluminium de haute qualit\u00e9 avec la perforation sur toute la surface, ce qui assure une ventilation ad\u00e9quate de la zone prot\u00e9g\u00e9e. La grille est disponible en version bicolore RAL 7016 \/ RAL 8017.<\/p>\n<p><b>Avantages:<\/b><\/p>\n<ul type=\"disc\">\n<li style=\"color: #fff;\">Assure une ventilation<\/li>\n<li style=\"color: #fff;\">R\u00e9sistant aux rayons UV<\/li>\n<li style=\"color: #fff;\">R\u00e9sistant aux rongeurs<\/li>\n<\/ul>\n\t\t\n<style>\n#text-135549694 {\n  font-size: 0.87rem;\n  color: rgb(255,255,255);\n}\n#text-135549694 > * {\n  color: rgb(255,255,255);\n}\n<\/style>\n\t<\/div>\n\t\n\t<div id=\"gap-1425125418\" class=\"gap-element clearfix\" style=\"display:block; height:auto;\">\n\t\t\n<style>\n#gap-1425125418 {\n  padding-top: 15px;\n}\n<\/style>\n\t<\/div>\n\t\n\t\t<\/div>\n\t\t\t\t\t<\/div>\n\n\t\n\n\t<div id=\"col-2147122372\" class=\"col pb-0 small-12 large-12\"  data-animate=\"fadeInUp\">\n\t\t\t\t<div class=\"col-inner\"  >\n\t\t\t\n\t\t\t\n<a href=\"#contact\" class=\"button primary lowercase btn-red\"  >\n\t\t<span>Envoyer votre demande<\/span>\n\t<\/a>\n\n\t\t<\/div>\n\t\t\t\t\t<\/div>\n\n\t\n<\/div>\n\t<div id=\"gap-2002464562\" class=\"gap-element clearfix show-for-small\" style=\"display:block; height:auto;\">\n\t\t\n<style>\n#gap-2002464562 {\n  padding-top: 15px;\n}\n@media (min-width:550px) {\n  #gap-2002464562 {\n    padding-top: 30px;\n  }\n}\n<\/style>\n\t<\/div>\n\t\n\t\t<\/div>\n\t\t\t\t\t<\/div>\n\n\t\n<\/div>\n\t\t<\/div>\n\n\t\t\n<style>\n#section_1713893487 {\n  padding-top: 75px;\n  padding-bottom: 75px;\n  min-height: 69vh;\n}\n@media (min-width:850px) {\n  #section_1713893487 {\n    padding-top: 100px;\n    padding-bottom: 100px;\n  }\n}\n<\/style>\n\t<\/section>\n\t\n\n\t<section class=\"section\" id=\"section_196164560\">\n\t\t<div class=\"section-bg fill\" >\n\t\t\t\t\t\t\t\t\t\n\t\t\t\n\n\t\t<\/div>\n\n\t\t\n\n\t\t<div class=\"section-content relative\">\n\t\t\t\n<div class=\"row row-large align-middle\"  id=\"row-1225543198\">\n\n\t<div id=\"col-699555604\" class=\"col pb-0 medium-8 small-12 large-4\"  data-animate=\"fadeInLeft\">\n\t\t\t\t<div class=\"col-inner\"  >\n\t\t\t\n\t\t\t\n\t<div class=\"img has-hover x md-x lg-x y md-y lg-y\" id=\"image_409084365\">\n\t\t\t\t\t\t\t\t<div class=\"img-inner dark\" >\n\t\t\t<img loading=\"lazy\" decoding=\"async\" width=\"788\" height=\"837\" src=\"https:\/\/www.terox.si\/wp-content\/uploads\/4-mrezica.png\" class=\"attachment-original size-original\" alt=\"\" srcset=\"https:\/\/www.terox.si\/wp-content\/uploads\/4-mrezica.png 788w, https:\/\/www.terox.si\/wp-content\/uploads\/4-mrezica-471x500.png 471w, https:\/\/www.terox.si\/wp-content\/uploads\/4-mrezica-768x816.png 768w\" sizes=\"auto, (max-width: 788px) 100vw, 788px\" \/>\t\t\t\t\t\t\n\t\t\t\t\t<\/div>\n\t\t\t\t\t\t\t\t\n<style>\n#image_409084365 {\n  width: 100%;\n}\n<\/style>\n\t<\/div>\n\t\n\t\t<\/div>\n\t\t\t\t\t<\/div>\n\n\t\n\n\t<div id=\"col-1605706885\" class=\"col pb-0 medium-12 small-12 large-8\"  >\n\t\t\t\t<div class=\"col-inner\"  >\n\t\t\t\n\t\t\t\n\t<div id=\"gap-1438115798\" class=\"gap-element clearfix\" style=\"display:block; height:auto;\">\n\t\t\n<style>\n#gap-1438115798 {\n  padding-top: 15px;\n}\n@media (min-width:550px) {\n  #gap-1438115798 {\n    padding-top: 30px;\n  }\n}\n<\/style>\n\t<\/div>\n\t\n\t<div id=\"gap-1169237096\" class=\"gap-element clearfix show-for-small\" style=\"display:block; height:auto;\">\n\t\t\n<style>\n#gap-1169237096 {\n  padding-top: 15px;\n}\n@media (min-width:550px) {\n  #gap-1169237096 {\n    padding-top: 30px;\n  }\n}\n<\/style>\n\t<\/div>\n\t\n\t<div id=\"text-824337340\" class=\"text\">\n\t\t\n<h1>TEROX protection des avant-toits<\/h1>\n\t\t\n<style>\n#text-824337340 {\n  font-size: 1.5rem;\n  color: rgb(0,0,0);\n}\n#text-824337340 > * {\n  color: rgb(0,0,0);\n}\n<\/style>\n\t<\/div>\n\t\n\t<div id=\"gap-1464537864\" class=\"gap-element clearfix\" style=\"display:block; height:auto;\">\n\t\t\n<style>\n#gap-1464537864 {\n  padding-top: 15px;\n}\n<\/style>\n\t<\/div>\n\t\n<a href=\"#contact\" class=\"button primary btn-red\"  >\n\t\t<span>TEROX protection des avant-toits<\/span>\n\t<\/a>\n\n\t\t<\/div>\n\t\t\t\t\t<\/div>\n\n\t\n<\/div>\n\t<div id=\"gap-4824259\" class=\"gap-element clearfix\" style=\"display:block; height:auto;\">\n\t\t\n<style>\n#gap-4824259 {\n  padding-top: 30px;\n}\n<\/style>\n\t<\/div>\n\t\n<div class=\"row row-large align-middle align-center tab-mat\"  id=\"row-2053765457\">\n\n\t<div id=\"col-326201778\" class=\"col pb-0 medium-12 small-12 large-12\"  >\n\t\t\t\t<div class=\"col-inner\"  >\n\t\t\t\n\t\t\t\n<div class=\"row\"  id=\"row-1651658022\">\n\n\t<div id=\"col-926917660\" class=\"col pb-0 small-12 large-12\"  >\n\t\t\t\t<div class=\"col-inner\"  >\n\t\t\t\n\t\t\t\n\n<table class=\"dcf-table dcf-table-responsive dcf-table-bordered dcf-table-striped dcf-w-100%\">\n<thead>\n<tr>\n<th scope=\"col\">Article No.<\/th>\n<th scope=\"col\">Description<\/th>\n<th scope=\"col\">Description 2<\/th>\n<th scope=\"col\">PU<\/th>\n<th scope=\"col\">quantity in outer carton<\/th>\n<th scope=\"col\">Price Unit<\/th>\n<th scope=\"col\">EAN<\/th>\n<th scope=\"col\">Tariff number<\/th>\n<\/tr>\n<\/thead>\n<tbody>\n<tr>\n<th scope=\"row\">1235459<\/th>\n<td data-label=\"Description\">Aluminium eaves mesh<\/td>\n<td data-label=\"Description 2\">99mmx25m<\/td>\n<td data-label=\"PU\">25m<\/td>\n<td data-label=\"quantity in outer carton\">\/<\/td>\n<td data-label=\"Price Unit\">1m<\/td>\n<td data-label=\"EAN\">3830070110753<\/td>\n<td data-label=\"Tariff number\">7604299090<\/td>\n<\/tr>\n<\/tbody>\n<\/table>\n\n\t\t<\/div>\n\t\t\t\t\t<\/div>\n\n\t\n<\/div>\n\t\t<\/div>\n\t\t\t\t\t<\/div>\n\n\t\n<\/div>\n\t\t<\/div>\n\n\t\t\n<style>\n#section_196164560 {\n  padding-top: 100px;\n  padding-bottom: 100px;\n  background-color: rgb(255,255,255);\n}\n<\/style>\n\t<\/section>\n\t\n\t<div id=\"gap-801254872\" class=\"gap-element clearfix show-for-medium\" style=\"display:block; height:auto;\">\n\t\t\n<style>\n#gap-801254872 {\n  padding-top: 65px;\n}\n@media (min-width:550px) {\n  #gap-801254872 {\n    padding-top: 65px;\n  }\n}\n@media (min-width:850px) {\n  #gap-801254872 {\n    padding-top: 30px;\n  }\n}\n<\/style>\n\t<\/div>\n\t\n<span class=\"scroll-to\" data-label=\"Scroll to: #contacter\" data-bullet=\"false\" data-link=\"#contacter\" data-title=\"contact\" ><a name=\"contacter\"><\/a><\/span>\n\n\t<section class=\"section\" id=\"section_1569788703\">\n\t\t<div class=\"section-bg fill\" >\n\t\t\t<img loading=\"lazy\" decoding=\"async\" width=\"1920\" height=\"944\" src=\"https:\/\/www.terox.si\/wp-content\/uploads\/3-ozadje.png\" class=\"bg attachment-original size-original\" alt=\"\" \/>\t\t\t\t\t\t\n\t\t\t\n\n\t\t<\/div>\n\n\t\t\n\n\t\t<div class=\"section-content relative\">\n\t\t\t\n<div class=\"row align-center\"  id=\"row-628949621\">\n\n\t<div id=\"col-521478431\" class=\"col pb-0 medium-12 small-12 large-8\"  >\n\t\t\t\t<div class=\"col-inner\"  >\n\t\t\t\n\t\t\t\n\t<div id=\"text-1344144535\" class=\"text\">\n\t\t\n<h2>R\u00e9volutionnez la production de maisons en bois avec TEROX <span style=\"font-family: 'Medium';\">et remplissez le formulaire de demande de<br \/>\nrenseignements.<\/span><\/h2>\n\t\t\n<style>\n#text-1344144535 {\n  font-size: 1.5rem;\n  text-align: center;\n}\n<\/style>\n\t<\/div>\n\t\n\t\t<\/div>\n\t\t\t\t\t<\/div>\n\n\t\n<\/div>\n\t<div id=\"gap-41235298\" class=\"gap-element clearfix\" style=\"display:block; height:auto;\">\n\t\t\n<style>\n#gap-41235298 {\n  padding-top: 25px;\n}\n<\/style>\n\t<\/div>\n\t\n<div class=\"row align-center\"  id=\"row-1498705291\">\n\n\t<div id=\"col-1868638545\" class=\"col pb-0 medium-12 small-12 large-6\"  >\n\t\t\t\t<div class=\"col-inner\" style=\"background-color:rgba(255, 255, 255, 0.837);\" >\n\t\t\t\n\t\t\t\n\n<div class=\"wpcf7 no-js\" id=\"wpcf7-f549-o1\" lang=\"fr-FR\" dir=\"ltr\" data-wpcf7-id=\"549\">\n<div class=\"screen-reader-response\"><p role=\"status\" aria-live=\"polite\" aria-atomic=\"true\"><\/p> <ul><\/ul><\/div>\n<form action=\"\/fr\/wp-json\/wp\/v2\/pages\/637#wpcf7-f549-o1\" method=\"post\" class=\"wpcf7-form init\" aria-label=\"Formulaire de contact\" novalidate=\"novalidate\" data-status=\"init\">\n<div style=\"display: none;\">\n<input type=\"hidden\" name=\"_wpcf7\" value=\"549\" \/>\n<input type=\"hidden\" name=\"_wpcf7_version\" value=\"6.0\" \/>\n<input type=\"hidden\" name=\"_wpcf7_locale\" value=\"fr_FR\" \/>\n<input type=\"hidden\" name=\"_wpcf7_unit_tag\" value=\"wpcf7-f549-o1\" \/>\n<input type=\"hidden\" name=\"_wpcf7_container_post\" value=\"0\" \/>\n<input type=\"hidden\" name=\"_wpcf7_posted_data_hash\" value=\"\" \/>\n<\/div>\n<input class=\"wpcf7-form-control wpcf7-hidden\" id=\"thankyouURL\" value=\"\/fr\/zahvala-kontakt\/\" type=\"hidden\" name=\"thankyouURL\" \/>\n<div class=\"cf-n\">\n\t<p><br \/>\n<span class=\"wpcf7-form-control-wrap\" data-name=\"your-name\"><input size=\"40\" maxlength=\"400\" class=\"wpcf7-form-control wpcf7-text wpcf7-validates-as-required\" aria-required=\"true\" aria-invalid=\"false\" placeholder=\"Nom et pr\u00e9nom\" value=\"\" type=\"text\" name=\"your-name\" \/><\/span>\n\t<\/p>\n\t<p><br \/>\n<span class=\"wpcf7-form-control-wrap\" data-name=\"your-company\"><input size=\"40\" maxlength=\"400\" class=\"wpcf7-form-control wpcf7-text wpcf7-validates-as-required\" aria-required=\"true\" aria-invalid=\"false\" placeholder=\"Entreprise\" value=\"\" type=\"text\" name=\"your-company\" \/><\/span>\n\t<\/p>\n\t<p><br \/>\n<span class=\"wpcf7-form-control-wrap\" data-name=\"your-email\"><input size=\"40\" maxlength=\"400\" class=\"wpcf7-form-control wpcf7-email wpcf7-validates-as-required wpcf7-text wpcf7-validates-as-email\" aria-required=\"true\" aria-invalid=\"false\" placeholder=\"Adresse e-mail\" value=\"\" type=\"email\" name=\"your-email\" \/><\/span>\n\t<\/p>\n\t<p><br \/>\n<span class=\"wpcf7-form-control-wrap\" data-name=\"your-message\"><textarea cols=\"40\" rows=\"10\" maxlength=\"2000\" class=\"wpcf7-form-control wpcf7-textarea wpcf7-validates-as-required\" aria-required=\"true\" aria-invalid=\"false\" placeholder=\"Message\" name=\"your-message\"><\/textarea><\/span>\n\t<\/p>\n<\/div>\n<p class=\"potrdi\" style=\"text-align: center;\"><div class=\"cf7-cf-turnstile\" style=\"margin-top: 0px; margin-bottom: -15px;\"> <div id=\"cf-turnstile-cf7-3493975130\" class=\"cf-turnstile\" data-sitekey=\"0x4AAAAAAAMTIznPwDJyW5Lk\" data-theme=\"light\" data-language=\"auto\" data-size=\"\" data-retry=\"auto\" data-retry-interval=\"1000\" data-action=\"contact-form-7\" data-appearance=\"interaction-only\"><\/div> <script>document.addEventListener(\"DOMContentLoaded\",(function(){var e=document.getElementById(\"cf-turnstile-cf7-3493975130\");e&&!e.innerHTML.trim()&&(turnstile.remove(\"#cf-turnstile-cf7-3493975130\"),turnstile.render(\"#cf-turnstile-cf7-3493975130\",{sitekey:\"0x4AAAAAAAMTIznPwDJyW5Lk\"}))}));<\/script> <style>#cf-turnstile-cf7-3493975130 iframe { margin-bottom: 15px; }<\/style> <style>#cf-turnstile-cf7-3493975130 { margin-left: -15px; }<\/style> <script>document.addEventListener(\"DOMContentLoaded\",function(){document.querySelectorAll('.wpcf7-form').forEach(function(e){e.addEventListener('submit',function(){if(document.getElementById('cf-turnstile-cf7-3493975130')){setTimeout(function(){turnstile.reset('#cf-turnstile-cf7-3493975130');},1000)}})})});<\/script> <\/div><br\/><input class=\"wpcf7-form-control wpcf7-submit has-spinner\" type=\"submit\" value=\"Envoyer votre demande\" \/>\n<\/p>\n<p><script>\ndocument.addEventListener( 'wpcf7mailsent', function( event ) {\n var thankyouURL = document.getElementById(\"thankyouURL\").value;\n location = thankyouURL;\n}, false );\n<\/script>\n<\/p><div class=\"wpcf7-response-output\" aria-hidden=\"true\"><\/div>\n<\/form>\n<\/div>\n\n\t\t<\/div>\n\t\t\t\t\n<style>\n#col-1868638545 > .col-inner {\n  padding: 45px 45px 45px 45px;\n  border-radius: 25px;\n}\n<\/style>\n\t<\/div>\n\n\t\n<\/div>\n\t\t<\/div>\n\n\t\t\n<style>\n#section_1569788703 {\n  padding-top: 75px;\n  padding-bottom: 75px;\n}\n@media (min-width:850px) {\n  #section_1569788703 {\n    padding-top: 100px;\n    padding-bottom: 100px;\n  }\n}\n<\/style>\n\t<\/section>\n\t\n<span class=\"scroll-to\" data-label=\"Scroll to: #eaves-mesh\" data-bullet=\"false\" data-link=\"#eaves-mesh\" data-title=\"eaves mesh\" ><a name=\"eaves-mesh\"><\/a><\/span>\n<span class=\"scroll-to\" data-label=\"Scroll to: #terox\" data-bullet=\"false\" data-link=\"#terox\" data-title=\"terox\" ><a name=\"terox\"><\/a><\/span>\n\n\t<section class=\"section\" id=\"section_1697231791\">\n\t\t<div class=\"section-bg fill\" >\n\t\t\t\t\t\t\t\t\t\n\t\t\t\n\n\t\t<\/div>\n\n\t\t\n\n\t\t<div class=\"section-content relative\">\n\t\t\t\n<div class=\"row align-center\"  id=\"row-1904390262\">\n\n\t<div id=\"col-77195314\" class=\"col pb-0 medium-12 small-12 large-8\"  >\n\t\t\t\t<div class=\"col-inner\"  >\n\t\t\t\n\t\t\t\n\t<div id=\"text-914719000\" class=\"text\">\n\t\t\n<h2>TEROX \u2013 la marque en laquelle vous pouvez avoir confiance<\/h2>\n\t\t\n<style>\n#text-914719000 {\n  font-size: 1.5rem;\n  text-align: center;\n}\n<\/style>\n\t<\/div>\n\t\n\t<div id=\"text-1616986645\" class=\"text\">\n\t\t\n<p>Comme nous choisissons soigneusement les marques que nous recommandons \u00e0 nos clients, nous sommes \u00e9galement attentifs aux produits que nous fabriquons nous-m\u00eames. Les am\u00e9liorations apport\u00e9es \u00e0 la vis et \u00e0 la protection des avant-toits constituent la r\u00e9ponse \u00e0 ce qui manquait \u00e0 nos clients dans des produits similaires. Nous avons \u00e9t\u00e9 attentifs et avons \u00e9labor\u00e9 une solution.<\/p>\n\t\t\n<style>\n#text-1616986645 {\n  text-align: center;\n}\n<\/style>\n\t<\/div>\n\t\n\t\t<\/div>\n\t\t\t\t\t<\/div>\n\n\t\n<\/div>\n<div class=\"row align-center\"  id=\"row-531820709\">\n\n\t<div id=\"col-1473664401\" class=\"col pb-0 medium-12 small-12 large-8\"  >\n\t\t\t\t<div class=\"col-inner\"  >\n\t\t\t\n\t\t\t\n\t<div id=\"gap-305474330\" class=\"gap-element clearfix\" style=\"display:block; height:auto;\">\n\t\t\n<style>\n#gap-305474330 {\n  padding-top: 30px;\n}\n<\/style>\n\t<\/div>\n\t\n<div class=\"row row-large align-center\"  id=\"row-1832705781\">\n\n\t<div id=\"col-1110140816\" class=\"col medium-4 small-4 large-3\"  data-animate=\"fadeInLeft\">\n\t\t\t\t<div class=\"col-inner\"  >\n\t\t\t\n\t\t\t\n\n\t\t<div class=\"icon-box featured-box icon-box-center text-center\"  >\n\t\t\t\t\t<div class=\"icon-box-img\" style=\"width: 75px\">\n\t\t\t\t<div class=\"icon\">\n\t\t\t\t\t<div class=\"icon-inner\" >\n\t\t\t\t\t\t<img loading=\"lazy\" decoding=\"async\" width=\"100\" height=\"100\" src=\"https:\/\/www.terox.si\/wp-content\/uploads\/ikone-prednosti-spodaj-01.png\" class=\"attachment-medium size-medium\" alt=\"\" \/>\t\t\t\t\t<\/div>\n\t\t\t\t<\/div>\n\t\t\t<\/div>\n\t\t\t\t<div class=\"icon-box-text last-reset\">\n\t\t\t\t\t\t\t\t\t\n\t<div id=\"text-226895451\" class=\"text\">\n\t\t\n<p>fabriqu\u00e9 dans l\u2019UE<\/p>\n\t\t\n<style>\n#text-226895451 {\n  font-size: 0.75rem;\n  text-align: center;\n}\n<\/style>\n\t<\/div>\n\t\n\t\t<\/div>\n\t<\/div>\n\t\n\t\n\t\t<\/div>\n\t\t\t\t\t<\/div>\n\n\t\n\n\t<div id=\"col-1060471999\" class=\"col medium-4 small-4 large-3\"  data-animate=\"fadeInUp\">\n\t\t\t\t<div class=\"col-inner\"  >\n\t\t\t\n\t\t\t\n\n\t\t<div class=\"icon-box featured-box icon-box-center text-center\"  >\n\t\t\t\t\t<div class=\"icon-box-img\" style=\"width: 75px\">\n\t\t\t\t<div class=\"icon\">\n\t\t\t\t\t<div class=\"icon-inner\" >\n\t\t\t\t\t\t<img loading=\"lazy\" decoding=\"async\" width=\"100\" height=\"100\" src=\"https:\/\/www.terox.si\/wp-content\/uploads\/ikone-prednosti-spodaj-02.png\" class=\"attachment-medium size-medium\" alt=\"\" \/>\t\t\t\t\t<\/div>\n\t\t\t\t<\/div>\n\t\t\t<\/div>\n\t\t\t\t<div class=\"icon-box-text last-reset\">\n\t\t\t\t\t\t\t\t\t\n\t<div id=\"text-3535198842\" class=\"text\">\n\t\t\n<p>un grand choix de tailles et d\u2019emballages<\/p>\n\t\t\n<style>\n#text-3535198842 {\n  font-size: 0.75rem;\n  text-align: center;\n}\n<\/style>\n\t<\/div>\n\t\n\t\t<\/div>\n\t<\/div>\n\t\n\t\n\t\t<\/div>\n\t\t\t\t\t<\/div>\n\n\t\n\n\t<div id=\"col-260675571\" class=\"col medium-4 small-4 large-3\"  data-animate=\"fadeInRight\">\n\t\t\t\t<div class=\"col-inner\"  >\n\t\t\t\n\t\t\t\n\n\t\t<div class=\"icon-box featured-box icon-box-center text-center\"  >\n\t\t\t\t\t<div class=\"icon-box-img\" style=\"width: 75px\">\n\t\t\t\t<div class=\"icon\">\n\t\t\t\t\t<div class=\"icon-inner\" >\n\t\t\t\t\t\t<img loading=\"lazy\" decoding=\"async\" width=\"100\" height=\"100\" src=\"https:\/\/www.terox.si\/wp-content\/uploads\/ikone-prednosti-spodaj-03.png\" class=\"attachment-medium size-medium\" alt=\"\" \/>\t\t\t\t\t<\/div>\n\t\t\t\t<\/div>\n\t\t\t<\/div>\n\t\t\t\t<div class=\"icon-box-text last-reset\">\n\t\t\t\t\t\t\t\t\t\n\t<div id=\"text-3224515162\" class=\"text\">\n\t\t\n<p>solutions personnalis\u00e9es<\/p>\n\t\t\n<style>\n#text-3224515162 {\n  font-size: 0.75rem;\n  text-align: center;\n}\n<\/style>\n\t<\/div>\n\t\n\t\t<\/div>\n\t<\/div>\n\t\n\t\n\t\t<\/div>\n\t\t\t\t\t<\/div>\n\n\t\n<\/div>\n\t\t<\/div>\n\t\t\t\t\t<\/div>\n\n\t\n<\/div>\n\t\t<\/div>\n\n\t\t\n<style>\n#section_1697231791 {\n  padding-top: 75px;\n  padding-bottom: 75px;\n  background-color: #f4f4f4;\n}\n@media (min-width:850px) {\n  #section_1697231791 {\n    padding-top: 100px;\n    padding-bottom: 100px;\n  }\n}\n<\/style>\n\t<\/section>\n\t\n","protected":false},"excerpt":{"rendered":"","protected":false},"author":1,"featured_media":0,"parent":627,"menu_order":0,"comment_status":"closed","ping_status":"closed","template":"","meta":{"footnotes":""},"class_list":["post-637","page","type-page","status-publish","hentry"],"yoast_head":"<!-- This site is optimized with the Yoast SEO plugin v23.9 - https:\/\/yoast.com\/wordpress\/plugins\/seo\/ -->\n<title>Protection des avant-toits &#8211; Terox<\/title>\n<meta name=\"robots\" content=\"index, follow, max-snippet:-1, max-image-preview:large, max-video-preview:-1\" \/>\n<link rel=\"canonical\" href=\"https:\/\/www.terox.si\/products\/eaves-mesh\/\" \/>\n<meta property=\"og:locale\" content=\"fr_FR\" \/>\n<meta property=\"og:type\" content=\"article\" \/>\n<meta property=\"og:title\" content=\"Protection des avant-toits &#8211; Terox\" \/>\n<meta property=\"og:url\" content=\"https:\/\/www.terox.si\/products\/eaves-mesh\/\" \/>\n<meta property=\"og:site_name\" content=\"Terox\" \/>\n<meta property=\"article:modified_time\" content=\"2023-04-07T12:08:48+00:00\" \/>\n<meta name=\"twitter:card\" content=\"summary_large_image\" \/>\n<script type=\"application\/ld+json\" class=\"yoast-schema-graph\">{\"@context\":\"https:\/\/schema.org\",\"@graph\":[{\"@type\":\"WebPage\",\"@id\":\"https:\/\/www.terox.si\/products\/eaves-mesh\/\",\"url\":\"https:\/\/www.terox.si\/products\/eaves-mesh\/\",\"name\":\"Protection des avant-toits &#8211; Terox\",\"isPartOf\":{\"@id\":\"https:\/\/www.terox.si\/#website\"},\"datePublished\":\"2023-04-06T11:19:33+00:00\",\"dateModified\":\"2023-04-07T12:08:48+00:00\",\"breadcrumb\":{\"@id\":\"https:\/\/www.terox.si\/products\/eaves-mesh\/#breadcrumb\"},\"inLanguage\":\"fr-FR\",\"potentialAction\":[{\"@type\":\"ReadAction\",\"target\":[\"https:\/\/www.terox.si\/products\/eaves-mesh\/\"]}]},{\"@type\":\"BreadcrumbList\",\"@id\":\"https:\/\/www.terox.si\/products\/eaves-mesh\/#breadcrumb\",\"itemListElement\":[{\"@type\":\"ListItem\",\"position\":1,\"name\":\"Des produits\",\"item\":\"https:\/\/www.terox.si\/products\/\"},{\"@type\":\"ListItem\",\"position\":2,\"name\":\"Protection des avant-toits\"}]},{\"@type\":\"WebSite\",\"@id\":\"https:\/\/www.terox.si\/#website\",\"url\":\"https:\/\/www.terox.si\/\",\"name\":\"Terox\",\"description\":\"Konstrukcijski vijak\",\"potentialAction\":[{\"@type\":\"SearchAction\",\"target\":{\"@type\":\"EntryPoint\",\"urlTemplate\":\"https:\/\/www.terox.si\/?s={search_term_string}\"},\"query-input\":{\"@type\":\"PropertyValueSpecification\",\"valueRequired\":true,\"valueName\":\"search_term_string\"}}],\"inLanguage\":\"fr-FR\"}]}<\/script>\n<!-- \/ Yoast SEO plugin. -->","yoast_head_json":{"title":"Protection des avant-toits &#8211; Terox","robots":{"index":"index","follow":"follow","max-snippet":"max-snippet:-1","max-image-preview":"max-image-preview:large","max-video-preview":"max-video-preview:-1"},"canonical":"https:\/\/www.terox.si\/products\/eaves-mesh\/","og_locale":"fr_FR","og_type":"article","og_title":"Protection des avant-toits &#8211; Terox","og_url":"https:\/\/www.terox.si\/products\/eaves-mesh\/","og_site_name":"Terox","article_modified_time":"2023-04-07T12:08:48+00:00","twitter_card":"summary_large_image","schema":{"@context":"https:\/\/schema.org","@graph":[{"@type":"WebPage","@id":"https:\/\/www.terox.si\/products\/eaves-mesh\/","url":"https:\/\/www.terox.si\/products\/eaves-mesh\/","name":"Protection des avant-toits &#8211; Terox","isPartOf":{"@id":"https:\/\/www.terox.si\/#website"},"datePublished":"2023-04-06T11:19:33+00:00","dateModified":"2023-04-07T12:08:48+00:00","breadcrumb":{"@id":"https:\/\/www.terox.si\/products\/eaves-mesh\/#breadcrumb"},"inLanguage":"fr-FR","potentialAction":[{"@type":"ReadAction","target":["https:\/\/www.terox.si\/products\/eaves-mesh\/"]}]},{"@type":"BreadcrumbList","@id":"https:\/\/www.terox.si\/products\/eaves-mesh\/#breadcrumb","itemListElement":[{"@type":"ListItem","position":1,"name":"Des produits","item":"https:\/\/www.terox.si\/products\/"},{"@type":"ListItem","position":2,"name":"Protection des avant-toits"}]},{"@type":"WebSite","@id":"https:\/\/www.terox.si\/#website","url":"https:\/\/www.terox.si\/","name":"Terox","description":"Konstrukcijski vijak","potentialAction":[{"@type":"SearchAction","target":{"@type":"EntryPoint","urlTemplate":"https:\/\/www.terox.si\/?s={search_term_string}"},"query-input":{"@type":"PropertyValueSpecification","valueRequired":true,"valueName":"search_term_string"}}],"inLanguage":"fr-FR"}]}},"_links":{"self":[{"href":"https:\/\/www.terox.si\/fr\/wp-json\/wp\/v2\/pages\/637","targetHints":{"allow":["GET"]}}],"collection":[{"href":"https:\/\/www.terox.si\/fr\/wp-json\/wp\/v2\/pages"}],"about":[{"href":"https:\/\/www.terox.si\/fr\/wp-json\/wp\/v2\/types\/page"}],"author":[{"embeddable":true,"href":"https:\/\/www.terox.si\/fr\/wp-json\/wp\/v2\/users\/1"}],"replies":[{"embeddable":true,"href":"https:\/\/www.terox.si\/fr\/wp-json\/wp\/v2\/comments?post=637"}],"version-history":[{"count":0,"href":"https:\/\/www.terox.si\/fr\/wp-json\/wp\/v2\/pages\/637\/revisions"}],"up":[{"embeddable":true,"href":"https:\/\/www.terox.si\/fr\/wp-json\/wp\/v2\/pages\/627"}],"wp:attachment":[{"href":"https:\/\/www.terox.si\/fr\/wp-json\/wp\/v2\/media?parent=637"}],"curies":[{"name":"wp","href":"https:\/\/api.w.org\/{rel}","templated":true}]}}