{"id":627,"date":"2023-04-06T13:18:08","date_gmt":"2023-04-06T11:18:08","guid":{"rendered":"https:\/\/www.terox.si\/?page_id=627"},"modified":"2023-04-07T12:13:07","modified_gmt":"2023-04-07T10:13:07","slug":"des-produits","status":"publish","type":"page","link":"https:\/\/www.terox.si\/fr\/des-produits\/","title":{"rendered":"Des produits"},"content":{"rendered":"\n\t<section class=\"section\" id=\"section_1811717804\">\n\t\t<div class=\"section-bg fill\" >\n\t\t\t<img loading=\"lazy\" decoding=\"async\" width=\"1920\" height=\"923\" src=\"https:\/\/www.terox.si\/wp-content\/uploads\/2-ozadje.png\" class=\"bg attachment-original size-original\" alt=\"\" \/>\t\t\t\t\t\t\n\t\t\t\n\n\t\t<\/div>\n\n\t\t\n\n\t\t<div class=\"section-content relative\">\n\t\t\t\n<div class=\"row align-center\"  id=\"row-2053356432\">\n\n\t<div id=\"col-674445118\" class=\"col pb-0 medium-12 small-12 large-8\"  >\n\t\t\t\t<div class=\"col-inner\"  >\n\t\t\t\n\t\t\t\n<div class=\"row\"  id=\"row-2142388601\">\n\n\t<div id=\"col-2112551279\" class=\"col pb-0 small-12 large-12\"  data-animate=\"fadeInDown\">\n\t\t\t\t<div class=\"col-inner\"  >\n\t\t\t\n\t\t\t\n\t<div id=\"text-4281539149\" class=\"text\">\n\t\t\n<h1 class=\"glow\">Vis de construction TEROX et treillis d&rsquo;avant-toit en aluminium<\/h1>\n\t\t\n<style>\n#text-4281539149 {\n  font-size: 1.95rem;\n  text-align: center;\n  color: rgb(255,255,255);\n}\n#text-4281539149 > * {\n  color: rgb(255,255,255);\n}\n<\/style>\n\t<\/div>\n\t\n\t\t<\/div>\n\t\t\t\t\t<\/div>\n\n\t\n\n\t<div id=\"col-1632168017\" class=\"col pb-0 small-12 large-12\"  data-animate=\"fadeInLeft\">\n\t\t\t\t<div class=\"col-inner\"  >\n\t\t\t\n\t\t\t\n\t<div id=\"gap-1213371626\" class=\"gap-element clearfix\" style=\"display:block; height:auto;\">\n\t\t\n<style>\n#gap-1213371626 {\n  padding-top: 15px;\n}\n<\/style>\n\t<\/div>\n\t\n\t<div id=\"gap-1221426487\" class=\"gap-element clearfix\" style=\"display:block; height:auto;\">\n\t\t\n<style>\n#gap-1221426487 {\n  padding-top: 30px;\n}\n<\/style>\n\t<\/div>\n\t\n\t\t<\/div>\n\t\t\t\t\t<\/div>\n\n\t\n<\/div>\n\t<div id=\"gap-1986242462\" class=\"gap-element clearfix show-for-small\" style=\"display:block; height:auto;\">\n\t\t\n<style>\n#gap-1986242462 {\n  padding-top: 15px;\n}\n@media (min-width:550px) {\n  #gap-1986242462 {\n    padding-top: 30px;\n  }\n}\n<\/style>\n\t<\/div>\n\t\n\t\t<\/div>\n\t\t\t\t\t<\/div>\n\n\t\n<\/div>\n<div class=\"row row-large align-equal\"  id=\"row-1883239140\">\n\n\t<div id=\"col-39473110\" class=\"col icons pb-0 medium-6 small-12 large-6\"  data-animate=\"flipInX\">\n\t\t\t\t<div class=\"col-inner\" style=\"background-color:rgb(255,255,255);\" >\n\t\t\t\n\t\t\t\n\n\t<a class=\"plain\" href=\"https:\/\/www.terox.si\/fr\/des-produits\/vis-de-construction-en-bois\/\" >\t<div class=\"icon-box featured-box icon-box-center text-center\"  style=\"margin:22px 0px 22px 0px;\">\n\t\t\t\t\t<div class=\"icon-box-img\" style=\"width: 242px\">\n\t\t\t\t<div class=\"icon\">\n\t\t\t\t\t<div class=\"icon-inner\" >\n\t\t\t\t\t\t<img loading=\"lazy\" decoding=\"async\" width=\"193\" height=\"300\" src=\"https:\/\/www.terox.si\/wp-content\/uploads\/countersank-head-8mm-321x500-1.png\" class=\"attachment-medium size-medium\" alt=\"\" \/>\t\t\t\t\t<\/div>\n\t\t\t\t<\/div>\n\t\t\t<\/div>\n\t\t\t\t<div class=\"icon-box-text last-reset\">\n\t\t\t\t\t\t\t\t\t\n\t<div id=\"text-3693770611\" class=\"text\">\n\t\t\n<h1>TEROX \u2013 vis de construction en bois<\/h1>\n\t\t\n<style>\n#text-3693770611 {\n  font-size: 1.5rem;\n  color: rgb(0,0,0);\n}\n#text-3693770611 > * {\n  color: rgb(0,0,0);\n}\n<\/style>\n\t<\/div>\n\t\n\t\t<\/div>\n\t<\/div>\n\t<\/a>\n\t\n\t\t<\/div>\n\t\t\t\t\n<style>\n#col-39473110 > .col-inner {\n  padding: 30px 10px 30px 10px;\n  border-radius: 30px;\n}\n<\/style>\n\t<\/div>\n\n\t\n\n\t<div id=\"col-2110788063\" class=\"col icons pb-0 medium-6 small-12 large-6\"  data-animate=\"flipInX\">\n\t\t\t\t<div class=\"col-inner\" style=\"background-color:rgb(255,255,255);\" >\n\t\t\t\n\t\t\t\n\n\t<a class=\"plain\" href=\"https:\/\/www.terox.si\/fr\/des-produits\/protection-des-avant-toits\/\" >\t<div class=\"icon-box featured-box icon-box-center text-center\"  style=\"margin:22px 0px 22px 0px;\">\n\t\t\t\t\t<div class=\"icon-box-img\" style=\"width: 242px\">\n\t\t\t\t<div class=\"icon\">\n\t\t\t\t\t<div class=\"icon-inner\" >\n\t\t\t\t\t\t<img loading=\"lazy\" decoding=\"async\" width=\"193\" height=\"300\" src=\"https:\/\/www.terox.si\/wp-content\/uploads\/countersank-head-8mm-321x500-1.jpg\" class=\"attachment-medium size-medium\" alt=\"\" \/>\t\t\t\t\t<\/div>\n\t\t\t\t<\/div>\n\t\t\t<\/div>\n\t\t\t\t<div class=\"icon-box-text last-reset\">\n\t\t\t\t\t\t\t\t\t\n\t<div id=\"text-630954377\" class=\"text\">\n\t\t\n<h1>TEROX protection des avant-toits<\/h1>\n\t\t\n<style>\n#text-630954377 {\n  font-size: 1.5rem;\n  color: rgb(0,0,0);\n}\n#text-630954377 > * {\n  color: rgb(0,0,0);\n}\n<\/style>\n\t<\/div>\n\t\n\t\t<\/div>\n\t<\/div>\n\t<\/a>\n\t\n\t\t<\/div>\n\t\t\t\t\n<style>\n#col-2110788063 > .col-inner {\n  padding: 30px 10px 30px 10px;\n  margin: 30px 0px 0px 0px;\n  border-radius: 30px;\n}\n@media (min-width:550px) {\n  #col-2110788063 > .col-inner {\n    margin: 0px 0px 0px 0px;\n  }\n}\n<\/style>\n\t<\/div>\n\n\t\n<\/div>\n\t\t<\/div>\n\n\t\t\n<style>\n#section_1811717804 {\n  padding-top: 75px;\n  padding-bottom: 75px;\n  min-height: 69vh;\n}\n@media (min-width:850px) {\n  #section_1811717804 {\n    padding-top: 100px;\n    padding-bottom: 100px;\n  }\n}\n<\/style>\n\t<\/section>\n\t\n\n\t<section class=\"section\" id=\"section_292850696\">\n\t\t<div class=\"section-bg fill\" >\n\t\t\t\t\t\t\t\t\t\n\t\t\t\n\n\t\t<\/div>\n\n\t\t\n\n\t\t<div class=\"section-content relative\">\n\t\t\t\n<div class=\"row align-center\"  id=\"row-381444536\">\n\n\t<div id=\"col-903858339\" class=\"col pb-0 medium-12 small-12 large-8\"  >\n\t\t\t\t<div class=\"col-inner\"  >\n\t\t\t\n\t\t\t\n\t<div id=\"text-320753095\" class=\"text\">\n\t\t\n<h2>TEROX \u2013 la marque en laquelle vous pouvez avoir confiance<\/h2>\n\t\t\n<style>\n#text-320753095 {\n  font-size: 1.5rem;\n  text-align: center;\n}\n<\/style>\n\t<\/div>\n\t\n\t<div id=\"text-3188395645\" class=\"text\">\n\t\t\n<p>Comme nous choisissons soigneusement les marques que nous recommandons \u00e0 nos clients, nous sommes \u00e9galement attentifs aux produits que nous fabriquons nous-m\u00eames. Les am\u00e9liorations apport\u00e9es \u00e0 la vis et \u00e0 la protection des avant-toits constituent la r\u00e9ponse \u00e0 ce qui manquait \u00e0 nos clients dans des produits similaires. Nous avons \u00e9t\u00e9 attentifs et avons \u00e9labor\u00e9 une solution.<\/p>\n\t\t\n<style>\n#text-3188395645 {\n  text-align: center;\n}\n<\/style>\n\t<\/div>\n\t\n\t\t<\/div>\n\t\t\t\t\t<\/div>\n\n\t\n<\/div>\n<div class=\"row align-center\"  id=\"row-182592322\">\n\n\t<div id=\"col-449507440\" class=\"col pb-0 medium-12 small-12 large-8\"  >\n\t\t\t\t<div class=\"col-inner\"  >\n\t\t\t\n\t\t\t\n\t<div id=\"gap-1176166113\" class=\"gap-element clearfix\" style=\"display:block; height:auto;\">\n\t\t\n<style>\n#gap-1176166113 {\n  padding-top: 30px;\n}\n<\/style>\n\t<\/div>\n\t\n<div class=\"row row-large align-center\"  id=\"row-1660903556\">\n\n\t<div id=\"col-176242054\" class=\"col medium-4 small-4 large-3\"  data-animate=\"fadeInLeft\">\n\t\t\t\t<div class=\"col-inner\"  >\n\t\t\t\n\t\t\t\n\n\t\t<div class=\"icon-box featured-box icon-box-center text-center\"  >\n\t\t\t\t\t<div class=\"icon-box-img\" style=\"width: 75px\">\n\t\t\t\t<div class=\"icon\">\n\t\t\t\t\t<div class=\"icon-inner\" >\n\t\t\t\t\t\t<img loading=\"lazy\" decoding=\"async\" width=\"100\" height=\"100\" src=\"https:\/\/www.terox.si\/wp-content\/uploads\/ikone-prednosti-spodaj-01.png\" class=\"attachment-medium size-medium\" alt=\"\" \/>\t\t\t\t\t<\/div>\n\t\t\t\t<\/div>\n\t\t\t<\/div>\n\t\t\t\t<div class=\"icon-box-text last-reset\">\n\t\t\t\t\t\t\t\t\t\n\t<div id=\"text-1042332579\" class=\"text\">\n\t\t\n<p>fabriqu\u00e9 dans l\u2019UE<\/p>\n\t\t\n<style>\n#text-1042332579 {\n  font-size: 0.75rem;\n  text-align: center;\n}\n<\/style>\n\t<\/div>\n\t\n\t\t<\/div>\n\t<\/div>\n\t\n\t\n\t\t<\/div>\n\t\t\t\t\t<\/div>\n\n\t\n\n\t<div id=\"col-540794025\" class=\"col medium-4 small-4 large-3\"  data-animate=\"fadeInUp\">\n\t\t\t\t<div class=\"col-inner\"  >\n\t\t\t\n\t\t\t\n\n\t\t<div class=\"icon-box featured-box icon-box-center text-center\"  >\n\t\t\t\t\t<div class=\"icon-box-img\" style=\"width: 75px\">\n\t\t\t\t<div class=\"icon\">\n\t\t\t\t\t<div class=\"icon-inner\" >\n\t\t\t\t\t\t<img loading=\"lazy\" decoding=\"async\" width=\"100\" height=\"100\" src=\"https:\/\/www.terox.si\/wp-content\/uploads\/ikone-prednosti-spodaj-02.png\" class=\"attachment-medium size-medium\" alt=\"\" \/>\t\t\t\t\t<\/div>\n\t\t\t\t<\/div>\n\t\t\t<\/div>\n\t\t\t\t<div class=\"icon-box-text last-reset\">\n\t\t\t\t\t\t\t\t\t\n\t<div id=\"text-1248609033\" class=\"text\">\n\t\t\n<p>un grand choix de tailles et d\u2019emballages<\/p>\n\t\t\n<style>\n#text-1248609033 {\n  font-size: 0.75rem;\n  text-align: center;\n}\n<\/style>\n\t<\/div>\n\t\n\t\t<\/div>\n\t<\/div>\n\t\n\t\n\t\t<\/div>\n\t\t\t\t\t<\/div>\n\n\t\n\n\t<div id=\"col-65038703\" class=\"col medium-4 small-4 large-3\"  data-animate=\"fadeInRight\">\n\t\t\t\t<div class=\"col-inner\"  >\n\t\t\t\n\t\t\t\n\n\t\t<div class=\"icon-box featured-box icon-box-center text-center\"  >\n\t\t\t\t\t<div class=\"icon-box-img\" style=\"width: 75px\">\n\t\t\t\t<div class=\"icon\">\n\t\t\t\t\t<div class=\"icon-inner\" >\n\t\t\t\t\t\t<img loading=\"lazy\" decoding=\"async\" width=\"100\" height=\"100\" src=\"https:\/\/www.terox.si\/wp-content\/uploads\/ikone-prednosti-spodaj-03.png\" class=\"attachment-medium size-medium\" alt=\"\" \/>\t\t\t\t\t<\/div>\n\t\t\t\t<\/div>\n\t\t\t<\/div>\n\t\t\t\t<div class=\"icon-box-text last-reset\">\n\t\t\t\t\t\t\t\t\t\n\t<div id=\"text-1828291595\" class=\"text\">\n\t\t\n<p>solutions personnalis\u00e9es<\/p>\n\t\t\n<style>\n#text-1828291595 {\n  font-size: 0.75rem;\n  text-align: center;\n}\n<\/style>\n\t<\/div>\n\t\n\t\t<\/div>\n\t<\/div>\n\t\n\t\n\t\t<\/div>\n\t\t\t\t\t<\/div>\n\n\t\n<\/div>\n\t\t<\/div>\n\t\t\t\t\t<\/div>\n\n\t\n<\/div>\n\t\t<\/div>\n\n\t\t\n<style>\n#section_292850696 {\n  padding-top: 75px;\n  padding-bottom: 75px;\n  background-color: #f4f4f4;\n}\n@media (min-width:850px) {\n  #section_292850696 {\n    padding-top: 100px;\n    padding-bottom: 100px;\n  }\n}\n<\/style>\n\t<\/section>\n\t\n","protected":false},"excerpt":{"rendered":"","protected":false},"author":1,"featured_media":0,"parent":0,"menu_order":0,"comment_status":"closed","ping_status":"closed","template":"","meta":{"footnotes":""},"class_list":["post-627","page","type-page","status-publish","hentry"],"yoast_head":"<!-- This site is optimized with the Yoast SEO plugin v23.9 - https:\/\/yoast.com\/wordpress\/plugins\/seo\/ -->\n<title>Des produits &#8211; Terox<\/title>\n<meta name=\"robots\" content=\"index, follow, max-snippet:-1, max-image-preview:large, max-video-preview:-1\" \/>\n<link rel=\"canonical\" href=\"https:\/\/www.terox.si\/products\/\" \/>\n<meta property=\"og:locale\" content=\"fr_FR\" \/>\n<meta property=\"og:type\" content=\"article\" \/>\n<meta property=\"og:title\" content=\"Des produits &#8211; Terox\" \/>\n<meta property=\"og:url\" content=\"https:\/\/www.terox.si\/products\/\" \/>\n<meta property=\"og:site_name\" content=\"Terox\" \/>\n<meta property=\"article:modified_time\" content=\"2023-04-07T10:13:07+00:00\" \/>\n<meta name=\"twitter:card\" content=\"summary_large_image\" \/>\n<meta name=\"twitter:label1\" content=\"Dur\u00e9e de lecture estim\u00e9e\" \/>\n\t<meta name=\"twitter:data1\" content=\"2 minutes\" \/>\n<script type=\"application\/ld+json\" class=\"yoast-schema-graph\">{\"@context\":\"https:\/\/schema.org\",\"@graph\":[{\"@type\":\"WebPage\",\"@id\":\"https:\/\/www.terox.si\/products\/\",\"url\":\"https:\/\/www.terox.si\/products\/\",\"name\":\"Des produits &#8211; Terox\",\"isPartOf\":{\"@id\":\"https:\/\/www.terox.si\/#website\"},\"datePublished\":\"2023-04-06T11:18:08+00:00\",\"dateModified\":\"2023-04-07T10:13:07+00:00\",\"inLanguage\":\"fr-FR\",\"potentialAction\":[{\"@type\":\"ReadAction\",\"target\":[\"https:\/\/www.terox.si\/products\/\"]}]},{\"@type\":\"WebSite\",\"@id\":\"https:\/\/www.terox.si\/#website\",\"url\":\"https:\/\/www.terox.si\/\",\"name\":\"Terox\",\"description\":\"Konstrukcijski vijak\",\"potentialAction\":[{\"@type\":\"SearchAction\",\"target\":{\"@type\":\"EntryPoint\",\"urlTemplate\":\"https:\/\/www.terox.si\/?s={search_term_string}\"},\"query-input\":{\"@type\":\"PropertyValueSpecification\",\"valueRequired\":true,\"valueName\":\"search_term_string\"}}],\"inLanguage\":\"fr-FR\"}]}<\/script>\n<!-- \/ Yoast SEO plugin. -->","yoast_head_json":{"title":"Des produits &#8211; Terox","robots":{"index":"index","follow":"follow","max-snippet":"max-snippet:-1","max-image-preview":"max-image-preview:large","max-video-preview":"max-video-preview:-1"},"canonical":"https:\/\/www.terox.si\/products\/","og_locale":"fr_FR","og_type":"article","og_title":"Des produits &#8211; Terox","og_url":"https:\/\/www.terox.si\/products\/","og_site_name":"Terox","article_modified_time":"2023-04-07T10:13:07+00:00","twitter_card":"summary_large_image","twitter_misc":{"Dur\u00e9e de lecture estim\u00e9e":"2 minutes"},"schema":{"@context":"https:\/\/schema.org","@graph":[{"@type":"WebPage","@id":"https:\/\/www.terox.si\/products\/","url":"https:\/\/www.terox.si\/products\/","name":"Des produits &#8211; Terox","isPartOf":{"@id":"https:\/\/www.terox.si\/#website"},"datePublished":"2023-04-06T11:18:08+00:00","dateModified":"2023-04-07T10:13:07+00:00","inLanguage":"fr-FR","potentialAction":[{"@type":"ReadAction","target":["https:\/\/www.terox.si\/products\/"]}]},{"@type":"WebSite","@id":"https:\/\/www.terox.si\/#website","url":"https:\/\/www.terox.si\/","name":"Terox","description":"Konstrukcijski vijak","potentialAction":[{"@type":"SearchAction","target":{"@type":"EntryPoint","urlTemplate":"https:\/\/www.terox.si\/?s={search_term_string}"},"query-input":{"@type":"PropertyValueSpecification","valueRequired":true,"valueName":"search_term_string"}}],"inLanguage":"fr-FR"}]}},"_links":{"self":[{"href":"https:\/\/www.terox.si\/fr\/wp-json\/wp\/v2\/pages\/627","targetHints":{"allow":["GET"]}}],"collection":[{"href":"https:\/\/www.terox.si\/fr\/wp-json\/wp\/v2\/pages"}],"about":[{"href":"https:\/\/www.terox.si\/fr\/wp-json\/wp\/v2\/types\/page"}],"author":[{"embeddable":true,"href":"https:\/\/www.terox.si\/fr\/wp-json\/wp\/v2\/users\/1"}],"replies":[{"embeddable":true,"href":"https:\/\/www.terox.si\/fr\/wp-json\/wp\/v2\/comments?post=627"}],"version-history":[{"count":0,"href":"https:\/\/www.terox.si\/fr\/wp-json\/wp\/v2\/pages\/627\/revisions"}],"wp:attachment":[{"href":"https:\/\/www.terox.si\/fr\/wp-json\/wp\/v2\/media?parent=627"}],"curies":[{"name":"wp","href":"https:\/\/api.w.org\/{rel}","templated":true}]}}