{"id":630,"date":"2023-04-06T13:18:08","date_gmt":"2023-04-06T11:18:08","guid":{"rendered":"https:\/\/www.terox.si\/?page_id=630"},"modified":"2023-04-07T12:14:10","modified_gmt":"2023-04-07T10:14:10","slug":"produkte","status":"publish","type":"page","link":"https:\/\/www.terox.si\/de\/produkte\/","title":{"rendered":"Produkte"},"content":{"rendered":"\n\t<section class=\"section\" id=\"section_1856897162\">\n\t\t<div class=\"section-bg fill\" >\n\t\t\t<img loading=\"lazy\" decoding=\"async\" width=\"1920\" height=\"923\" src=\"https:\/\/www.terox.si\/wp-content\/uploads\/2-ozadje.png\" class=\"bg attachment-original size-original\" alt=\"\" \/>\t\t\t\t\t\t\n\t\t\t\n\n\t\t<\/div>\n\n\t\t\n\n\t\t<div class=\"section-content relative\">\n\t\t\t\n<div class=\"row align-center\"  id=\"row-37597768\">\n\n\t<div id=\"col-101780417\" class=\"col pb-0 medium-12 small-12 large-8\"  >\n\t\t\t\t<div class=\"col-inner\"  >\n\t\t\t\n\t\t\t\n<div class=\"row\"  id=\"row-512423531\">\n\n\t<div id=\"col-1888053461\" class=\"col pb-0 small-12 large-12\"  data-animate=\"fadeInDown\">\n\t\t\t\t<div class=\"col-inner\"  >\n\t\t\t\n\t\t\t\n\t<div id=\"text-1944278813\" class=\"text\">\n\t\t\n<h1 class=\"glow\">\nTEROX Bauschrauben und Traufgitter aus Aluminium<\/h1>\n\t\t\n<style>\n#text-1944278813 {\n  font-size: 1.95rem;\n  text-align: center;\n  color: rgb(255,255,255);\n}\n#text-1944278813 > * {\n  color: rgb(255,255,255);\n}\n<\/style>\n\t<\/div>\n\t\n\t\t<\/div>\n\t\t\t\t\t<\/div>\n\n\t\n\n\t<div id=\"col-118669976\" class=\"col pb-0 small-12 large-12\"  data-animate=\"fadeInLeft\">\n\t\t\t\t<div class=\"col-inner\"  >\n\t\t\t\n\t\t\t\n\t<div id=\"gap-622137496\" class=\"gap-element clearfix\" style=\"display:block; height:auto;\">\n\t\t\n<style>\n#gap-622137496 {\n  padding-top: 15px;\n}\n<\/style>\n\t<\/div>\n\t\n\t<div id=\"gap-2092932144\" class=\"gap-element clearfix\" style=\"display:block; height:auto;\">\n\t\t\n<style>\n#gap-2092932144 {\n  padding-top: 30px;\n}\n<\/style>\n\t<\/div>\n\t\n\t\t<\/div>\n\t\t\t\t\t<\/div>\n\n\t\n<\/div>\n\t<div id=\"gap-862751738\" class=\"gap-element clearfix show-for-small\" style=\"display:block; height:auto;\">\n\t\t\n<style>\n#gap-862751738 {\n  padding-top: 15px;\n}\n@media (min-width:550px) {\n  #gap-862751738 {\n    padding-top: 30px;\n  }\n}\n<\/style>\n\t<\/div>\n\t\n\t\t<\/div>\n\t\t\t\t\t<\/div>\n\n\t\n<\/div>\n<div class=\"row row-large align-equal\"  id=\"row-1279482598\">\n\n\t<div id=\"col-998352696\" class=\"col icons pb-0 medium-6 small-12 large-6\"  data-animate=\"flipInX\">\n\t\t\t\t<div class=\"col-inner\" style=\"background-color:rgb(255,255,255);\" >\n\t\t\t\n\t\t\t\n\n\t<a class=\"plain\" href=\"https:\/\/www.terox.si\/de\/produkte\/konstruktionsschraube\/\" >\t<div class=\"icon-box featured-box icon-box-center text-center\"  style=\"margin:22px 0px 22px 0px;\">\n\t\t\t\t\t<div class=\"icon-box-img\" style=\"width: 242px\">\n\t\t\t\t<div class=\"icon\">\n\t\t\t\t\t<div class=\"icon-inner\" >\n\t\t\t\t\t\t<img loading=\"lazy\" decoding=\"async\" width=\"193\" height=\"300\" src=\"https:\/\/www.terox.si\/wp-content\/uploads\/countersank-head-8mm-321x500-1.png\" class=\"attachment-medium size-medium\" alt=\"\" \/>\t\t\t\t\t<\/div>\n\t\t\t\t<\/div>\n\t\t\t<\/div>\n\t\t\t\t<div class=\"icon-box-text last-reset\">\n\t\t\t\t\t\t\t\t\t\n\t<div id=\"text-4236522377\" class=\"text\">\n\t\t\n<h1>\nTEROX Bauschrauben<\/h1>\n\t\t\n<style>\n#text-4236522377 {\n  font-size: 1.5rem;\n  color: rgb(0,0,0);\n}\n#text-4236522377 > * {\n  color: rgb(0,0,0);\n}\n<\/style>\n\t<\/div>\n\t\n\t\t<\/div>\n\t<\/div>\n\t<\/a>\n\t\n\t\t<\/div>\n\t\t\t\t\n<style>\n#col-998352696 > .col-inner {\n  padding: 30px 10px 30px 10px;\n  border-radius: 30px;\n}\n<\/style>\n\t<\/div>\n\n\t\n\n\t<div id=\"col-1325992911\" class=\"col icons pb-0 medium-6 small-12 large-6\"  data-animate=\"flipInX\">\n\t\t\t\t<div class=\"col-inner\" style=\"background-color:rgb(255,255,255);\" >\n\t\t\t\n\t\t\t\n\n\t<a class=\"plain\" href=\"https:\/\/www.terox.si\/de\/produkte\/traufgitter\/\" >\t<div class=\"icon-box featured-box icon-box-center text-center\"  style=\"margin:22px 0px 22px 0px;\">\n\t\t\t\t\t<div class=\"icon-box-img\" style=\"width: 242px\">\n\t\t\t\t<div class=\"icon\">\n\t\t\t\t\t<div class=\"icon-inner\" >\n\t\t\t\t\t\t<img loading=\"lazy\" decoding=\"async\" width=\"193\" height=\"300\" src=\"https:\/\/www.terox.si\/wp-content\/uploads\/countersank-head-8mm-321x500-1.jpg\" class=\"attachment-medium size-medium\" alt=\"\" \/>\t\t\t\t\t<\/div>\n\t\t\t\t<\/div>\n\t\t\t<\/div>\n\t\t\t\t<div class=\"icon-box-text last-reset\">\n\t\t\t\t\t\t\t\t\t\n\t<div id=\"text-1120324201\" class=\"text\">\n\t\t\n<h1>TEROX Traufgitter<br \/>\n<\/h1>\n\t\t\n<style>\n#text-1120324201 {\n  font-size: 1.5rem;\n  color: rgb(0,0,0);\n}\n#text-1120324201 > * {\n  color: rgb(0,0,0);\n}\n<\/style>\n\t<\/div>\n\t\n\t\t<\/div>\n\t<\/div>\n\t<\/a>\n\t\n\t\t<\/div>\n\t\t\t\t\n<style>\n#col-1325992911 > .col-inner {\n  padding: 30px 10px 30px 10px;\n  margin: 30px 0px 0px 0px;\n  border-radius: 30px;\n}\n@media (min-width:550px) {\n  #col-1325992911 > .col-inner {\n    margin: 0px 0px 0px 0px;\n  }\n}\n<\/style>\n\t<\/div>\n\n\t\n<\/div>\n\t\t<\/div>\n\n\t\t\n<style>\n#section_1856897162 {\n  padding-top: 75px;\n  padding-bottom: 75px;\n  min-height: 69vh;\n}\n@media (min-width:850px) {\n  #section_1856897162 {\n    padding-top: 100px;\n    padding-bottom: 100px;\n  }\n}\n<\/style>\n\t<\/section>\n\t\n\n\t<section class=\"section\" id=\"section_716953150\">\n\t\t<div class=\"section-bg fill\" >\n\t\t\t\t\t\t\t\t\t\n\t\t\t\n\n\t\t<\/div>\n\n\t\t\n\n\t\t<div class=\"section-content relative\">\n\t\t\t\n<div class=\"row align-center\"  id=\"row-1435304247\">\n\n\t<div id=\"col-561234091\" class=\"col pb-0 medium-12 small-12 large-8\"  >\n\t\t\t\t<div class=\"col-inner\"  >\n\t\t\t\n\t\t\t\n\t<div id=\"text-3543775914\" class=\"text\">\n\t\t\n<h2>TEROX \u2013 eine Marke, der Sie vertrauen k\u00f6nnen<\/h2>\n\t\t\n<style>\n#text-3543775914 {\n  font-size: 1.5rem;\n  text-align: center;\n}\n<\/style>\n\t<\/div>\n\t\n\t<div id=\"text-3455750660\" class=\"text\">\n\t\t\n<p>So wie wir die Marken, die wir unseren Kunden empfehlen, sorgf\u00e4ltig ausw\u00e4hlen, achten wir auch darauf, welche Produkte wir selbst herstellen. Die Verbesserungen an Schraube und Gitter sind die Antwort auf das, was unsere Kunden bei \u00e4hnlichen Produkten vermisst haben. Wir haben zugeh\u00f6rt und eine L\u00f6sung entwickelt.<\/p>\n\t\t\n<style>\n#text-3455750660 {\n  text-align: center;\n}\n<\/style>\n\t<\/div>\n\t\n\t\t<\/div>\n\t\t\t\t\t<\/div>\n\n\t\n<\/div>\n<div class=\"row align-center\"  id=\"row-54745769\">\n\n\t<div id=\"col-835722356\" class=\"col pb-0 medium-12 small-12 large-8\"  >\n\t\t\t\t<div class=\"col-inner\"  >\n\t\t\t\n\t\t\t\n\t<div id=\"gap-1784608836\" class=\"gap-element clearfix\" style=\"display:block; height:auto;\">\n\t\t\n<style>\n#gap-1784608836 {\n  padding-top: 30px;\n}\n<\/style>\n\t<\/div>\n\t\n<div class=\"row row-large align-center\"  id=\"row-1226903557\">\n\n\t<div id=\"col-1742982514\" class=\"col medium-4 small-4 large-3\"  data-animate=\"fadeInLeft\">\n\t\t\t\t<div class=\"col-inner\"  >\n\t\t\t\n\t\t\t\n\n\t\t<div class=\"icon-box featured-box icon-box-center text-center\"  >\n\t\t\t\t\t<div class=\"icon-box-img\" style=\"width: 75px\">\n\t\t\t\t<div class=\"icon\">\n\t\t\t\t\t<div class=\"icon-inner\" >\n\t\t\t\t\t\t<img loading=\"lazy\" decoding=\"async\" width=\"100\" height=\"100\" src=\"https:\/\/www.terox.si\/wp-content\/uploads\/ikone-prednosti-spodaj-01.png\" class=\"attachment-medium size-medium\" alt=\"\" \/>\t\t\t\t\t<\/div>\n\t\t\t\t<\/div>\n\t\t\t<\/div>\n\t\t\t\t<div class=\"icon-box-text last-reset\">\n\t\t\t\t\t\t\t\t\t\n\t<div id=\"text-800360762\" class=\"text\">\n\t\t\n<p>hergestellt in der EU<\/p>\n\t\t\n<style>\n#text-800360762 {\n  font-size: 0.75rem;\n  text-align: center;\n}\n<\/style>\n\t<\/div>\n\t\n\t\t<\/div>\n\t<\/div>\n\t\n\t\n\t\t<\/div>\n\t\t\t\t\t<\/div>\n\n\t\n\n\t<div id=\"col-324283012\" class=\"col medium-4 small-4 large-3\"  data-animate=\"fadeInUp\">\n\t\t\t\t<div class=\"col-inner\"  >\n\t\t\t\n\t\t\t\n\n\t\t<div class=\"icon-box featured-box icon-box-center text-center\"  >\n\t\t\t\t\t<div class=\"icon-box-img\" style=\"width: 75px\">\n\t\t\t\t<div class=\"icon\">\n\t\t\t\t\t<div class=\"icon-inner\" >\n\t\t\t\t\t\t<img loading=\"lazy\" decoding=\"async\" width=\"100\" height=\"100\" src=\"https:\/\/www.terox.si\/wp-content\/uploads\/ikone-prednosti-spodaj-02.png\" class=\"attachment-medium size-medium\" alt=\"\" \/>\t\t\t\t\t<\/div>\n\t\t\t\t<\/div>\n\t\t\t<\/div>\n\t\t\t\t<div class=\"icon-box-text last-reset\">\n\t\t\t\t\t\t\t\t\t\n\t<div id=\"text-1003607014\" class=\"text\">\n\t\t\n<p>eine gro\u00dfe Auswahl an Abmessungen und Verpackungen<\/p>\n\t\t\n<style>\n#text-1003607014 {\n  font-size: 0.75rem;\n  text-align: center;\n}\n<\/style>\n\t<\/div>\n\t\n\t\t<\/div>\n\t<\/div>\n\t\n\t\n\t\t<\/div>\n\t\t\t\t\t<\/div>\n\n\t\n\n\t<div id=\"col-69043742\" class=\"col medium-4 small-4 large-3\"  data-animate=\"fadeInRight\">\n\t\t\t\t<div class=\"col-inner\"  >\n\t\t\t\n\t\t\t\n\n\t\t<div class=\"icon-box featured-box icon-box-center text-center\"  >\n\t\t\t\t\t<div class=\"icon-box-img\" style=\"width: 75px\">\n\t\t\t\t<div class=\"icon\">\n\t\t\t\t\t<div class=\"icon-inner\" >\n\t\t\t\t\t\t<img loading=\"lazy\" decoding=\"async\" width=\"100\" height=\"100\" src=\"https:\/\/www.terox.si\/wp-content\/uploads\/ikone-prednosti-spodaj-03.png\" class=\"attachment-medium size-medium\" alt=\"\" \/>\t\t\t\t\t<\/div>\n\t\t\t\t<\/div>\n\t\t\t<\/div>\n\t\t\t\t<div class=\"icon-box-text last-reset\">\n\t\t\t\t\t\t\t\t\t\n\t<div id=\"text-460670336\" class=\"text\">\n\t\t\n<p>personalisierte L\u00f6sungen<\/p>\n\t\t\n<style>\n#text-460670336 {\n  font-size: 0.75rem;\n  text-align: center;\n}\n<\/style>\n\t<\/div>\n\t\n\t\t<\/div>\n\t<\/div>\n\t\n\t\n\t\t<\/div>\n\t\t\t\t\t<\/div>\n\n\t\n<\/div>\n\t\t<\/div>\n\t\t\t\t\t<\/div>\n\n\t\n<\/div>\n\t\t<\/div>\n\n\t\t\n<style>\n#section_716953150 {\n  padding-top: 75px;\n  padding-bottom: 75px;\n  background-color: #f4f4f4;\n}\n@media (min-width:850px) {\n  #section_716953150 {\n    padding-top: 100px;\n    padding-bottom: 100px;\n  }\n}\n<\/style>\n\t<\/section>\n\t\n","protected":false},"excerpt":{"rendered":"","protected":false},"author":1,"featured_media":0,"parent":0,"menu_order":0,"comment_status":"closed","ping_status":"closed","template":"","meta":{"footnotes":""},"class_list":["post-630","page","type-page","status-publish","hentry"],"yoast_head":"<!-- This site is optimized with the Yoast SEO plugin v23.9 - https:\/\/yoast.com\/wordpress\/plugins\/seo\/ -->\n<title>Produkte &#8211; Terox<\/title>\n<meta name=\"robots\" content=\"index, follow, max-snippet:-1, max-image-preview:large, max-video-preview:-1\" \/>\n<link rel=\"canonical\" href=\"https:\/\/www.terox.si\/de\/produkte\/\" \/>\n<meta property=\"og:locale\" content=\"de_DE\" \/>\n<meta property=\"og:type\" content=\"article\" \/>\n<meta property=\"og:title\" content=\"Produkte &#8211; Terox\" \/>\n<meta property=\"og:url\" content=\"https:\/\/www.terox.si\/de\/produkte\/\" \/>\n<meta property=\"og:site_name\" content=\"Terox\" \/>\n<meta property=\"article:modified_time\" content=\"2023-04-07T10:14:10+00:00\" \/>\n<meta name=\"twitter:card\" content=\"summary_large_image\" \/>\n<script type=\"application\/ld+json\" class=\"yoast-schema-graph\">{\"@context\":\"https:\/\/schema.org\",\"@graph\":[{\"@type\":\"WebPage\",\"@id\":\"https:\/\/www.terox.si\/de\/produkte\/\",\"url\":\"https:\/\/www.terox.si\/de\/produkte\/\",\"name\":\"Produkte &#8211; Terox\",\"isPartOf\":{\"@id\":\"https:\/\/www.terox.si\/#website\"},\"datePublished\":\"2023-04-06T11:18:08+00:00\",\"dateModified\":\"2023-04-07T10:14:10+00:00\",\"inLanguage\":\"de\",\"potentialAction\":[{\"@type\":\"ReadAction\",\"target\":[\"https:\/\/www.terox.si\/de\/produkte\/\"]}]},{\"@type\":\"WebSite\",\"@id\":\"https:\/\/www.terox.si\/#website\",\"url\":\"https:\/\/www.terox.si\/\",\"name\":\"Terox\",\"description\":\"Konstrukcijski vijak\",\"potentialAction\":[{\"@type\":\"SearchAction\",\"target\":{\"@type\":\"EntryPoint\",\"urlTemplate\":\"https:\/\/www.terox.si\/?s={search_term_string}\"},\"query-input\":{\"@type\":\"PropertyValueSpecification\",\"valueRequired\":true,\"valueName\":\"search_term_string\"}}],\"inLanguage\":\"de\"}]}<\/script>\n<!-- \/ Yoast SEO plugin. -->","yoast_head_json":{"title":"Produkte &#8211; Terox","robots":{"index":"index","follow":"follow","max-snippet":"max-snippet:-1","max-image-preview":"max-image-preview:large","max-video-preview":"max-video-preview:-1"},"canonical":"https:\/\/www.terox.si\/de\/produkte\/","og_locale":"de_DE","og_type":"article","og_title":"Produkte &#8211; Terox","og_url":"https:\/\/www.terox.si\/de\/produkte\/","og_site_name":"Terox","article_modified_time":"2023-04-07T10:14:10+00:00","twitter_card":"summary_large_image","schema":{"@context":"https:\/\/schema.org","@graph":[{"@type":"WebPage","@id":"https:\/\/www.terox.si\/de\/produkte\/","url":"https:\/\/www.terox.si\/de\/produkte\/","name":"Produkte &#8211; Terox","isPartOf":{"@id":"https:\/\/www.terox.si\/#website"},"datePublished":"2023-04-06T11:18:08+00:00","dateModified":"2023-04-07T10:14:10+00:00","inLanguage":"de","potentialAction":[{"@type":"ReadAction","target":["https:\/\/www.terox.si\/de\/produkte\/"]}]},{"@type":"WebSite","@id":"https:\/\/www.terox.si\/#website","url":"https:\/\/www.terox.si\/","name":"Terox","description":"Konstrukcijski vijak","potentialAction":[{"@type":"SearchAction","target":{"@type":"EntryPoint","urlTemplate":"https:\/\/www.terox.si\/?s={search_term_string}"},"query-input":{"@type":"PropertyValueSpecification","valueRequired":true,"valueName":"search_term_string"}}],"inLanguage":"de"}]}},"_links":{"self":[{"href":"https:\/\/www.terox.si\/de\/wp-json\/wp\/v2\/pages\/630","targetHints":{"allow":["GET"]}}],"collection":[{"href":"https:\/\/www.terox.si\/de\/wp-json\/wp\/v2\/pages"}],"about":[{"href":"https:\/\/www.terox.si\/de\/wp-json\/wp\/v2\/types\/page"}],"author":[{"embeddable":true,"href":"https:\/\/www.terox.si\/de\/wp-json\/wp\/v2\/users\/1"}],"replies":[{"embeddable":true,"href":"https:\/\/www.terox.si\/de\/wp-json\/wp\/v2\/comments?post=630"}],"version-history":[{"count":0,"href":"https:\/\/www.terox.si\/de\/wp-json\/wp\/v2\/pages\/630\/revisions"}],"wp:attachment":[{"href":"https:\/\/www.terox.si\/de\/wp-json\/wp\/v2\/media?parent=630"}],"curies":[{"name":"wp","href":"https:\/\/api.w.org\/{rel}","templated":true}]}}